{"id":890,"date":"2025-09-24T10:29:25","date_gmt":"2025-09-24T10:29:25","guid":{"rendered":"https:\/\/www.mcallenflatware.com\/?post_type=product&#038;p=890"},"modified":"2025-09-24T10:31:20","modified_gmt":"2025-09-24T10:31:20","slug":"modern-flatware-wholesale","status":"publish","type":"product","link":"https:\/\/www.mcallenflatware.com\/pt\/product\/modern-flatware-wholesale\/","title":{"rendered":"Talheres modernos por grosso em a\u00e7o inoxid\u00e1vel com cabo quadrado"},"content":{"rendered":"<h2 class=\"wp-block-heading\">Talheres modernos Carater\u00edsticas:<\/h2>\n\n\n\n<div class=\"wp-block-columns is-layout-flex wp-container-core-columns-is-layout-9d6595d7 wp-block-columns-is-layout-flex\">\n<div class=\"wp-block-column is-layout-flow wp-block-column-is-layout-flow\" style=\"flex-basis:66.66%\">\n<p><strong>Design moderno de pega quadrada<\/strong><br>Estilo moderno e minimalista, as pegas quadradas s\u00e3o ergon\u00f3micas, mais confort\u00e1veis, est\u00e1veis e melhoram a experi\u00eancia de jantar. Adequado para casas modernas e restaurantes de luxo.<\/p>\n\n\n\n<p><strong>Material de a\u00e7o inoxid\u00e1vel de alta qualidade<\/strong><br>Fabricado em a\u00e7o inoxid\u00e1vel de alta qualidade, tem uma elevada resist\u00eancia para garantir que os talheres s\u00e3o brilhantes e duradouros.<\/p>\n\n\n\n<p><strong>V\u00e1rias op\u00e7\u00f5es de cores para personaliza\u00e7\u00e3o<\/strong><br>Dispon\u00edvel em ouro, prata, preto e ouro rosa, e pode ser personalizada com embalagens, log\u00f3tipos, etc.<\/p>\n\n\n\n<p><strong>F\u00e1cil de limpar, lav\u00e1vel na m\u00e1quina de lavar lou\u00e7a<\/strong><br>A superf\u00edcie \u00e9 lisa, resistente ao desgaste e pode ser lavada na m\u00e1quina de lavar lou\u00e7a. \u00c9 muito conveniente para a utiliza\u00e7\u00e3o di\u00e1ria e restaura rapidamente o aspeto liso.<\/p>\n\n\n\n<p><strong>Descontos para compras em massa<\/strong><br>Concebida para compras por grosso, grandes quantidades podem beneficiar de descontos e pode ser utilizada para v\u00e1rios eventos de grande escala com elevada procura, tais como catering, hot\u00e9is, banquetes de casamento, etc.<\/p>\n<\/div>\n\n\n\n<div class=\"wp-block-column is-layout-flow wp-block-column-is-layout-flow\" style=\"flex-basis:33.33%\">\n<figure class=\"wp-block-image size-full\"><img decoding=\"async\" width=\"960\" height=\"960\" src=\"https:\/\/www.mcallenflatware.com\/wp-content\/uploads\/2024\/11\/Wholesale-Modern-Flatware-7.webp\" alt=\"Talheres modernos por atacado 7\" class=\"wp-image-897\" srcset=\"https:\/\/www.mcallenflatware.com\/wp-content\/uploads\/2024\/11\/Wholesale-Modern-Flatware-7.webp 960w, https:\/\/www.mcallenflatware.com\/wp-content\/uploads\/2024\/11\/Wholesale-Modern-Flatware-7-150x150.webp 150w, https:\/\/www.mcallenflatware.com\/wp-content\/uploads\/2024\/11\/Wholesale-Modern-Flatware-7-768x768.webp 768w, https:\/\/www.mcallenflatware.com\/wp-content\/uploads\/2024\/11\/Wholesale-Modern-Flatware-7-600x600.webp 600w, https:\/\/www.mcallenflatware.com\/wp-content\/uploads\/2024\/11\/Wholesale-Modern-Flatware-7-300x300.webp 300w, https:\/\/www.mcallenflatware.com\/wp-content\/uploads\/2024\/11\/Wholesale-Modern-Flatware-7-100x100.webp 100w\" sizes=\"(max-width: 960px) 100vw, 960px\" \/><\/figure>\n<\/div>\n<\/div>","protected":false},"excerpt":{"rendered":"<p>Talheres modernos personalizados por atacado em a\u00e7o inoxid\u00e1vel, o design da al\u00e7a quadrada \u00e9 elegante e confort\u00e1vel, adequado para restaurantes e grandes eventos. Conjunto de talheres de venda quente da Amazon, fornece pre\u00e7o de f\u00e1brica OEM e personaliza\u00e7\u00e3o ODM. Bem-vindo ao inqu\u00e9rito!<\/p>\n<h2>Atributos dos talheres modernos<\/h2>\n<p><strong>Nome da marca:<\/strong> Mcallen<br \/><strong>Material:<\/strong> A\u00e7o inoxid\u00e1vel<br \/><strong>Cor:<\/strong> Prata, ouro, ouro rosa, preto ou personalizado<br \/><strong>Polimento:<\/strong> Espelho polido<br \/><strong>Conce\u00e7\u00e3o:<\/strong>\u00a0 Pega quadrada moderna<br \/><strong>Prazo de entrega da amostra:<\/strong> No prazo de 3 dias<br \/><strong>OEM\/ODM:<\/strong> Dispon\u00edvel<\/p>\n<h2>Talheres de a\u00e7o inoxid\u00e1vel personalizados:<\/h2>\n<p><strong>A\u00e7o inoxid\u00e1vel:<\/strong> A\u00e7o inoxid\u00e1vel 18\/10, 304, 316, 410, 430, 420<br \/><strong>Log\u00f3tipo:<\/strong> Grava\u00e7\u00e3o a laser, impress\u00e3o serigr\u00e1fica, impress\u00e3o UV, impress\u00e3o por transfer\u00eancia t\u00e9rmica, grava\u00e7\u00e3o em relevo, etc.<br \/><strong>Embalagem:<\/strong> 4\/8\/12\/16\/20\/24\/45\/48\/72pcs set<br \/><strong>Acabamentos de superf\u00edcie:<\/strong> Polido com espelho, mate, polido com \u00e1gua, revestimento de tit\u00e2nio<br \/><strong>Embalagem:<\/strong> A granel, saco opp, caixa de cor, caixa de oferta, personalizado<\/p>","protected":false},"featured_media":895,"template":"","meta":[],"product_brand":[],"product_cat":[23,29],"product_tag":[],"class_list":{"0":"post-890","1":"product","2":"type-product","3":"status-publish","4":"has-post-thumbnail","6":"product_cat-wholesale-flatware","7":"product_cat-bulk-flatware","9":"first","10":"instock","11":"shipping-taxable","12":"product-type-simple"},"_links":{"self":[{"href":"https:\/\/www.mcallenflatware.com\/pt\/wp-json\/wp\/v2\/product\/890","targetHints":{"allow":["GET"]}}],"collection":[{"href":"https:\/\/www.mcallenflatware.com\/pt\/wp-json\/wp\/v2\/product"}],"about":[{"href":"https:\/\/www.mcallenflatware.com\/pt\/wp-json\/wp\/v2\/types\/product"}],"wp:featuredmedia":[{"embeddable":true,"href":"https:\/\/www.mcallenflatware.com\/pt\/wp-json\/wp\/v2\/media\/895"}],"wp:attachment":[{"href":"https:\/\/www.mcallenflatware.com\/pt\/wp-json\/wp\/v2\/media?parent=890"}],"wp:term":[{"taxonomy":"product_brand","embeddable":true,"href":"https:\/\/www.mcallenflatware.com\/pt\/wp-json\/wp\/v2\/product_brand?post=890"},{"taxonomy":"product_cat","embeddable":true,"href":"https:\/\/www.mcallenflatware.com\/pt\/wp-json\/wp\/v2\/product_cat?post=890"},{"taxonomy":"product_tag","embeddable":true,"href":"https:\/\/www.mcallenflatware.com\/pt\/wp-json\/wp\/v2\/product_tag?post=890"}],"curies":[{"name":"wp","href":"https:\/\/api.w.org\/{rel}","templated":true}]}}