{"id":898,"date":"2024-11-11T10:25:09","date_gmt":"2024-11-11T10:25:09","guid":{"rendered":"https:\/\/www.mcallenflatware.com\/?post_type=product&#038;p=898"},"modified":"2024-11-12T18:23:23","modified_gmt":"2024-11-12T18:23:23","slug":"wholesale-kids-cutlery","status":"publish","type":"product","link":"https:\/\/www.mcallenflatware.com\/pt\/product\/wholesale-kids-cutlery\/","title":{"rendered":"Talheres para crian\u00e7as por atacado A\u00e7o inoxid\u00e1vel Colher Garfo port\u00e1til para crian\u00e7as"},"content":{"rendered":"<h2 class=\"wp-block-heading\">Talheres para crian\u00e7as Carater\u00edsticas:<\/h2>\n\n\n\n<div class=\"wp-block-columns is-layout-flex wp-container-core-columns-is-layout-9d6595d7 wp-block-columns-is-layout-flex\">\n<div class=\"wp-block-column is-layout-flow wp-block-column-is-layout-flow\" style=\"flex-basis:66.66%\">\n<p><strong>Design seguro para crian\u00e7as<\/strong><br>Os bordos do conjunto de talheres s\u00e3o suaves e arredondados para garantir a seguran\u00e7a e o conforto das crian\u00e7as. Adequado para as crian\u00e7as segurarem e utilizarem.<\/p>\n\n\n\n<p><strong>Materiais n\u00e3o t\u00f3xicos e amigos do ambiente<\/strong><br>Fabricado em a\u00e7o inoxid\u00e1vel de qualidade alimentar, foi aprovado em v\u00e1rias certifica\u00e7\u00f5es de seguran\u00e7a e n\u00e3o cont\u00e9m qu\u00edmicos nocivos como o BPA, o que \u00e9 adequado para uma utiliza\u00e7\u00e3o saud\u00e1vel por parte das crian\u00e7as.<\/p>\n\n\n\n<p><strong>Forma gira<\/strong><br>A pega \u00e9 impressa com padr\u00f5es de animais de desenhos animados, o que \u00e9 giro e interessante para atrair a aten\u00e7\u00e3o das crian\u00e7as.<\/p>\n\n\n\n<p><strong>Design port\u00e1til<\/strong><br>Leve e f\u00e1cil de transportar, adequado para casa, escola, viagens e actividades ao ar livre, permitindo que as crian\u00e7as desfrutem da divers\u00e3o de jantar em qualquer altura.<\/p>\n\n\n\n<p><strong>F\u00e1cil de limpar, lav\u00e1vel na m\u00e1quina de lavar lou\u00e7a<\/strong><br>Liso e resistente ao desgaste, pode ser diretamente colocado na m\u00e1quina de lavar lou\u00e7a para limpeza.<\/p>\n<\/div>\n\n\n\n<div class=\"wp-block-column is-layout-flow wp-block-column-is-layout-flow\" style=\"flex-basis:33.33%\">\n<figure class=\"wp-block-image size-full\"><img decoding=\"async\" width=\"800\" height=\"800\" src=\"https:\/\/www.mcallenflatware.com\/wp-content\/uploads\/2024\/11\/Wholesale-Kids-Cutlery-3.webp\" alt=\"Talheres para crian\u00e7as por atacado 3\" class=\"wp-image-902\" srcset=\"https:\/\/www.mcallenflatware.com\/wp-content\/uploads\/2024\/11\/Wholesale-Kids-Cutlery-3.webp 800w, https:\/\/www.mcallenflatware.com\/wp-content\/uploads\/2024\/11\/Wholesale-Kids-Cutlery-3-150x150.webp 150w, https:\/\/www.mcallenflatware.com\/wp-content\/uploads\/2024\/11\/Wholesale-Kids-Cutlery-3-768x768.webp 768w, https:\/\/www.mcallenflatware.com\/wp-content\/uploads\/2024\/11\/Wholesale-Kids-Cutlery-3-600x600.webp 600w, https:\/\/www.mcallenflatware.com\/wp-content\/uploads\/2024\/11\/Wholesale-Kids-Cutlery-3-300x300.webp 300w, https:\/\/www.mcallenflatware.com\/wp-content\/uploads\/2024\/11\/Wholesale-Kids-Cutlery-3-100x100.webp 100w\" sizes=\"(max-width: 800px) 100vw, 800px\" \/><\/figure>\n<\/div>\n<\/div>","protected":false},"excerpt":{"rendered":"<p>Conjunto de talheres para crian\u00e7as por atacado personalizado com pegas com padr\u00f5es bonitos, feito de a\u00e7o inoxid\u00e1vel seguro e dur\u00e1vel, conveniente para as crian\u00e7as comerem. Logotipo personalizado, cor, embalagem, etc. com boa rela\u00e7\u00e3o custo-benef\u00edcio. Bem-vindo a consultar para obter uma amostra gr\u00e1tis!<\/p>\n<h2>Atributos dos talheres para crian\u00e7as<\/h2>\n<p><strong>Nome da marca:<\/strong> Mcallen<br \/><strong>Material:<\/strong> A\u00e7o inoxid\u00e1vel<br \/><strong>Cor:<\/strong> Prata ou Personalizado<br \/><strong>Polimento:<\/strong> Espelho polido<br \/><strong>Conce\u00e7\u00e3o: <\/strong>Pegas com estampado animal\u00a0<br \/><strong>Prazo de entrega da amostra:<\/strong> No prazo de 3 dias<br \/><strong>OEM\/ODM:<\/strong> Dispon\u00edvel<\/p>\n<h2>Talheres de a\u00e7o inoxid\u00e1vel personalizados:<\/h2>\n<p><strong>A\u00e7o inoxid\u00e1vel:<\/strong> A\u00e7o inoxid\u00e1vel 18\/10, 304, 316, 410, 430, 420<br \/><strong>Log\u00f3tipo:<\/strong> Grava\u00e7\u00e3o a laser, impress\u00e3o serigr\u00e1fica, impress\u00e3o UV, impress\u00e3o por transfer\u00eancia t\u00e9rmica, grava\u00e7\u00e3o em relevo, etc.<br \/><strong>Embalagem:<\/strong> 4\/8\/12\/16\/20\/24\/45\/48\/72pcs set<br \/><strong>Acabamentos de superf\u00edcie:<\/strong> Polido com espelho, mate, polido com \u00e1gua, revestimento de tit\u00e2nio<br \/><strong>Embalagem:<\/strong> A granel, saco opp, caixa de cor, caixa de oferta, personalizado<\/p>","protected":false},"featured_media":903,"template":"","meta":[],"product_brand":[],"product_cat":[23,28],"product_tag":[],"class_list":{"0":"post-898","1":"product","2":"type-product","3":"status-publish","4":"has-post-thumbnail","6":"product_cat-wholesale-flatware","7":"product_cat-childrens-cutlery-set-wholesale","9":"first","10":"instock","11":"shipping-taxable","12":"product-type-simple"},"_links":{"self":[{"href":"https:\/\/www.mcallenflatware.com\/pt\/wp-json\/wp\/v2\/product\/898","targetHints":{"allow":["GET"]}}],"collection":[{"href":"https:\/\/www.mcallenflatware.com\/pt\/wp-json\/wp\/v2\/product"}],"about":[{"href":"https:\/\/www.mcallenflatware.com\/pt\/wp-json\/wp\/v2\/types\/product"}],"wp:featuredmedia":[{"embeddable":true,"href":"https:\/\/www.mcallenflatware.com\/pt\/wp-json\/wp\/v2\/media\/903"}],"wp:attachment":[{"href":"https:\/\/www.mcallenflatware.com\/pt\/wp-json\/wp\/v2\/media?parent=898"}],"wp:term":[{"taxonomy":"product_brand","embeddable":true,"href":"https:\/\/www.mcallenflatware.com\/pt\/wp-json\/wp\/v2\/product_brand?post=898"},{"taxonomy":"product_cat","embeddable":true,"href":"https:\/\/www.mcallenflatware.com\/pt\/wp-json\/wp\/v2\/product_cat?post=898"},{"taxonomy":"product_tag","embeddable":true,"href":"https:\/\/www.mcallenflatware.com\/pt\/wp-json\/wp\/v2\/product_tag?post=898"}],"curies":[{"name":"wp","href":"https:\/\/api.w.org\/{rel}","templated":true}]}}