{"id":899,"date":"2024-11-12T09:16:44","date_gmt":"2024-11-12T09:16:44","guid":{"rendered":"https:\/\/www.mcallenflatware.com\/?post_type=product&#038;p=899"},"modified":"2024-11-12T09:16:45","modified_gmt":"2024-11-12T09:16:45","slug":"stainless-steel-cooking-utensils-custom","status":"publish","type":"product","link":"https:\/\/www.mcallenflatware.com\/pt\/product\/stainless-steel-cooking-utensils-custom\/","title":{"rendered":"Utens\u00edlios de cozinha de a\u00e7o inoxid\u00e1vel personalizados Cabo de madeira 7 PCs Direto da F\u00e1brica"},"content":{"rendered":"<h2 class=\"wp-block-heading\">Utens\u00edlios de cozinha em a\u00e7o inoxid\u00e1vel Carater\u00edsticas:<\/h2>\n\n\n\n<div class=\"wp-block-columns is-layout-flex wp-container-core-columns-is-layout-9d6595d7 wp-block-columns-is-layout-flex\">\n<div class=\"wp-block-column is-layout-flow wp-block-column-is-layout-flow\" style=\"flex-basis:66.66%\">\n<p><strong>Material de alta qualidade<\/strong><br>Feito de a\u00e7o inoxid\u00e1vel, resistente \u00e0 ferrugem e dur\u00e1vel, capaz de suportar a utiliza\u00e7\u00e3o e limpeza frequentes.<\/p>\n\n\n\n<p><strong>F\u00e1cil de limpar e manter<\/strong><br>As propriedades do a\u00e7o inoxid\u00e1vel tornam-no resistente ao calor e pode ser facilmente lavado na m\u00e1quina de lavar lou\u00e7a.<\/p>\n\n\n\n<p><strong>Conjunto multifuncional<\/strong><br>O conjunto cont\u00e9m 7 utens\u00edlios de cozinha diferentes, cobrindo uma vasta gama de necessidades, desde a cozinha b\u00e1sica \u00e0 cozinha requintada, tais como concha de sopa, funil, esp\u00e1tula para fritar, batedor, etc.<\/p>\n\n\n\n<p><strong>Economia de espa\u00e7o<\/strong><br>Cada pe\u00e7a de utens\u00edlio de cozinha foi concebida com orif\u00edcios de arruma\u00e7\u00e3o na extremidade, conveniente para guardar contra a parede e de f\u00e1cil acesso, aproveitando ao m\u00e1ximo o espa\u00e7o vertical.<\/p>\n\n\n\n<p><strong>Pegas de madeira<\/strong><br>Punhos ergon\u00f3micos para maior conforto e pegas antiderrapantes para maior seguran\u00e7a.<\/p>\n\n\n\n<p><strong>Acess\u00edvel<\/strong><br>Vendas diretas do fabricante de utens\u00edlios de cozinha Mcallen, aproveite os melhores descontos para grandes encomendas personalizadas por atacado.<\/p>\n<\/div>\n\n\n\n<div class=\"wp-block-column is-layout-flow wp-block-column-is-layout-flow\" style=\"flex-basis:33.33%\">\n<figure class=\"wp-block-image size-full\"><img decoding=\"async\" width=\"800\" height=\"800\" src=\"https:\/\/www.mcallenflatware.com\/wp-content\/uploads\/2024\/11\/Custom-Cooking-Utensils-.webp\" alt=\"Utens\u00edlios de cozinha personalizados\" class=\"wp-image-915\" srcset=\"https:\/\/www.mcallenflatware.com\/wp-content\/uploads\/2024\/11\/Custom-Cooking-Utensils-.webp 800w, https:\/\/www.mcallenflatware.com\/wp-content\/uploads\/2024\/11\/Custom-Cooking-Utensils--150x150.webp 150w, https:\/\/www.mcallenflatware.com\/wp-content\/uploads\/2024\/11\/Custom-Cooking-Utensils--768x768.webp 768w, https:\/\/www.mcallenflatware.com\/wp-content\/uploads\/2024\/11\/Custom-Cooking-Utensils--600x600.webp 600w, https:\/\/www.mcallenflatware.com\/wp-content\/uploads\/2024\/11\/Custom-Cooking-Utensils--300x300.webp 300w, https:\/\/www.mcallenflatware.com\/wp-content\/uploads\/2024\/11\/Custom-Cooking-Utensils--100x100.webp 100w\" sizes=\"(max-width: 800px) 100vw, 800px\" \/><\/figure>\n<\/div>\n<\/div>","protected":false},"excerpt":{"rendered":"<p>Este conjunto de utens\u00edlios de cozinha personalizados de 7 pe\u00e7as \u00e9 feito de material de a\u00e7o inoxid\u00e1vel de alta qualidade, dur\u00e1vel e resistente. Este conjunto multifuncional de utens\u00edlios de cozinha inclui v\u00e1rios utens\u00edlios, tais como uma esp\u00e1tula para fritar, um funil, uma concha para sopa, etc. Satisfaz as suas v\u00e1rias necessidades culin\u00e1rias, o que \u00e9 ideal para empresas de catering e cozinhas dom\u00e9sticas, e suporta a personaliza\u00e7\u00e3o em massa.<\/p>\n<h2>Atributos dos utens\u00edlios de cozinha<\/h2>\n<p><strong>Nome da marca:<\/strong> Mcallen<br \/><strong>Tipo de utens\u00edlio:<\/strong> esp\u00e1tulas para fritar, colheres, conchas, garfos, etc.<br \/><strong>Material:<\/strong> A\u00e7o inoxid\u00e1vel<br \/><strong>Cor:<\/strong> Ouro, prata ou personalizado<br \/><strong>Polimento:<\/strong> Espelho polido<br \/><strong>Design da pega:<\/strong> Cabo de madeira<br \/><strong>Prazo de entrega da amostra:<\/strong> No prazo de 3 dias<br \/><strong>OEM\/ODM:<\/strong> Dispon\u00edvel<\/p>\n<h2>Utens\u00edlios de cozinha personalizados:<\/h2>\n<p><strong>A\u00e7o inoxid\u00e1vel:<\/strong>\u00a0A\u00e7o inoxid\u00e1vel 18\/10, 304, 316, 410, 430, 420<br \/><strong>Log\u00f3tipo:<\/strong>\u00a0Grava\u00e7\u00e3o a laser, impress\u00e3o serigr\u00e1fica, impress\u00e3o UV, impress\u00e3o por transfer\u00eancia t\u00e9rmica, grava\u00e7\u00e3o em relevo, etc.<br \/><strong>Acabamentos de superf\u00edcie:<\/strong>\u00a0Espelho polido, mate<br \/><b>Pega:<\/b>\u00a0Pegas em a\u00e7o inoxid\u00e1vel, madeira ou silicone.<br \/><strong>Embalagem:<\/strong>\u00a0A granel, saco opp, caixa de cor, ou personalizado<\/p>","protected":false},"featured_media":915,"template":"","meta":[],"product_brand":[],"product_cat":[24,33],"product_tag":[],"class_list":{"0":"post-899","1":"product","2":"type-product","3":"status-publish","4":"has-post-thumbnail","6":"product_cat-wholesale-kitchen-utensils","7":"product_cat-wholesale-cooking-utensils","9":"first","10":"instock","11":"shipping-taxable","12":"product-type-simple"},"_links":{"self":[{"href":"https:\/\/www.mcallenflatware.com\/pt\/wp-json\/wp\/v2\/product\/899","targetHints":{"allow":["GET"]}}],"collection":[{"href":"https:\/\/www.mcallenflatware.com\/pt\/wp-json\/wp\/v2\/product"}],"about":[{"href":"https:\/\/www.mcallenflatware.com\/pt\/wp-json\/wp\/v2\/types\/product"}],"wp:featuredmedia":[{"embeddable":true,"href":"https:\/\/www.mcallenflatware.com\/pt\/wp-json\/wp\/v2\/media\/915"}],"wp:attachment":[{"href":"https:\/\/www.mcallenflatware.com\/pt\/wp-json\/wp\/v2\/media?parent=899"}],"wp:term":[{"taxonomy":"product_brand","embeddable":true,"href":"https:\/\/www.mcallenflatware.com\/pt\/wp-json\/wp\/v2\/product_brand?post=899"},{"taxonomy":"product_cat","embeddable":true,"href":"https:\/\/www.mcallenflatware.com\/pt\/wp-json\/wp\/v2\/product_cat?post=899"},{"taxonomy":"product_tag","embeddable":true,"href":"https:\/\/www.mcallenflatware.com\/pt\/wp-json\/wp\/v2\/product_tag?post=899"}],"curies":[{"name":"wp","href":"https:\/\/api.w.org\/{rel}","templated":true}]}}