{"id":905,"date":"2024-11-11T10:47:44","date_gmt":"2024-11-11T10:47:44","guid":{"rendered":"https:\/\/www.mcallenflatware.com\/?post_type=product&#038;p=905"},"modified":"2025-11-24T04:11:11","modified_gmt":"2025-11-24T04:11:11","slug":"bulk-childrens-cutlery-set","status":"publish","type":"product","link":"https:\/\/www.mcallenflatware.com\/pt\/product\/bulk-childrens-cutlery-set\/","title":{"rendered":"Conjunto de talheres para crian\u00e7as a granel em a\u00e7o inoxid\u00e1vel com blocos de brincar e cabo de silicone"},"content":{"rendered":"<h2 class=\"wp-block-heading\">Caracter\u00edsticas do conjunto de talheres para crian\u00e7as:<\/h2>\n\n\n\n<div class=\"wp-block-columns is-layout-flex wp-container-core-columns-is-layout-9d6595d7 wp-block-columns-is-layout-flex\">\n<div class=\"wp-block-column is-layout-flow wp-block-column-is-layout-flow\" style=\"flex-basis:66.66%\">\n<p><strong>Pega gira, design empilh\u00e1vel<\/strong><br>A pega foi concebida com blocos de constru\u00e7\u00e3o, cores vivas e pode ser empilhada, o que \u00e9 conveniente para acampar.<br>Antiderrapante e giro, pode atrair a aten\u00e7\u00e3o das crian\u00e7as e \u00e9 um dos estilos mais populares.<\/p>\n\n\n\n<p><strong>Design de borda redonda<\/strong><br>A faca, o garfo e a colher foram concebidos com bordos redondos, sem arestas vivas, para evitar ferir as crian\u00e7as e garantir a seguran\u00e7a das refei\u00e7\u00f5es.<\/p>\n\n\n\n<p><strong>Material saud\u00e1vel e amigo do ambiente<\/strong><br>O material de alta qualidade de a\u00e7o inoxid\u00e1vel 304 \u00e9 seguro para as crian\u00e7as, dur\u00e1vel e amigo do ambiente.<\/p>\n\n\n\n<p><strong>F\u00e1cil de limpar<br><\/strong>O tratamento liso espelhado deste a\u00e7o inoxid\u00e1vel torna a limpeza f\u00e1cil e segura na m\u00e1quina de lavar<\/p>\n\n\n\n<p><strong>Servi\u00e7o OEM\/ODM <\/strong><br>Damos as boas-vindas a todos os parceiros OEM\/ODM e personalizamos os produtos de acordo com as suas necessidades.<\/p>\n<\/div>\n\n\n\n<div class=\"wp-block-column is-layout-flow wp-block-column-is-layout-flow\" style=\"flex-basis:33.33%\">\n<figure class=\"wp-block-image size-full\"><img decoding=\"async\" width=\"1200\" height=\"1386\" src=\"https:\/\/www.mcallenflatware.com\/wp-content\/uploads\/2024\/11\/Bulk-Childrens-Cutlery-Set-6.webp\" alt=\"Conjunto de talheres para crian\u00e7as a granel 6\" class=\"wp-image-913\" srcset=\"https:\/\/www.mcallenflatware.com\/wp-content\/uploads\/2024\/11\/Bulk-Childrens-Cutlery-Set-6.webp 1200w, https:\/\/www.mcallenflatware.com\/wp-content\/uploads\/2024\/11\/Bulk-Childrens-Cutlery-Set-6-768x887.webp 768w, https:\/\/www.mcallenflatware.com\/wp-content\/uploads\/2024\/11\/Bulk-Childrens-Cutlery-Set-6-600x693.webp 600w\" sizes=\"(max-width: 1200px) 100vw, 1200px\" \/><\/figure>\n<\/div>\n<\/div>\n\n\n\n<p><\/p>","protected":false},"excerpt":{"rendered":"<p>Conjunto de talheres personalizados para crian\u00e7as, com cabo empilh\u00e1vel em forma de bloco de constru\u00e7\u00e3o e caixa de pl\u00e1stico, adequado para acampamentos e viagens. Rico em cores e com materiais seguros, \u00e9 um conjunto de talheres para crian\u00e7as muito vendido. Entre em contacto para obter um or\u00e7amento gratuito.<\/p>\n<h2>Conjunto de talheres para crian\u00e7as Atributos<\/h2>\n<p><strong>Nome da marca:<\/strong> Mcallen<br \/><strong>Material:<\/strong> A\u00e7o inoxid\u00e1vel<br \/><strong>Cor:<\/strong> Prata, pega colorida<br \/><strong>Polimento:<\/strong> Espelho polido<br \/><strong>Conce\u00e7\u00e3o:<\/strong> Pega de blocos de constru\u00e7\u00e3o gira<br \/><strong>Prazo de entrega da amostra:<\/strong> No prazo de 3 dias<br \/><strong>OEM\/ODM:<\/strong> Dispon\u00edvel<\/p>\n<h2>Conjunto de talheres para crian\u00e7as personalizado:<\/h2>\n<p><strong>A\u00e7o inoxid\u00e1vel:<\/strong> A\u00e7o inoxid\u00e1vel 18\/10, 304, 316, 410, 430, 420<br \/><strong>Log\u00f3tipo:<\/strong> Grava\u00e7\u00e3o a laser, impress\u00e3o serigr\u00e1fica, impress\u00e3o UV, impress\u00e3o por transfer\u00eancia t\u00e9rmica, grava\u00e7\u00e3o em relevo, etc.<br \/><strong>Embalagem:<\/strong> 4\/8\/12\/16\/20\/24\/45\/48\/72pcs set<br \/><strong>Acabamentos de superf\u00edcie:<\/strong> Polido com espelho, mate, polido com \u00e1gua, revestimento de tit\u00e2nio<br \/><strong>Embalagem:<\/strong> A granel, saco opp, caixa de cor, caixa de oferta, personalizado<\/p>","protected":false},"featured_media":911,"template":"","meta":[],"product_brand":[],"product_cat":[23,28],"product_tag":[],"class_list":{"0":"post-905","1":"product","2":"type-product","3":"status-publish","4":"has-post-thumbnail","6":"product_cat-wholesale-flatware","7":"product_cat-childrens-cutlery-set-wholesale","9":"first","10":"instock","11":"shipping-taxable","12":"product-type-simple"},"_links":{"self":[{"href":"https:\/\/www.mcallenflatware.com\/pt\/wp-json\/wp\/v2\/product\/905","targetHints":{"allow":["GET"]}}],"collection":[{"href":"https:\/\/www.mcallenflatware.com\/pt\/wp-json\/wp\/v2\/product"}],"about":[{"href":"https:\/\/www.mcallenflatware.com\/pt\/wp-json\/wp\/v2\/types\/product"}],"wp:featuredmedia":[{"embeddable":true,"href":"https:\/\/www.mcallenflatware.com\/pt\/wp-json\/wp\/v2\/media\/911"}],"wp:attachment":[{"href":"https:\/\/www.mcallenflatware.com\/pt\/wp-json\/wp\/v2\/media?parent=905"}],"wp:term":[{"taxonomy":"product_brand","embeddable":true,"href":"https:\/\/www.mcallenflatware.com\/pt\/wp-json\/wp\/v2\/product_brand?post=905"},{"taxonomy":"product_cat","embeddable":true,"href":"https:\/\/www.mcallenflatware.com\/pt\/wp-json\/wp\/v2\/product_cat?post=905"},{"taxonomy":"product_tag","embeddable":true,"href":"https:\/\/www.mcallenflatware.com\/pt\/wp-json\/wp\/v2\/product_tag?post=905"}],"curies":[{"name":"wp","href":"https:\/\/api.w.org\/{rel}","templated":true}]}}