{"id":906,"date":"2024-11-12T04:14:27","date_gmt":"2024-11-12T04:14:27","guid":{"rendered":"https:\/\/www.mcallenflatware.com\/?post_type=product&#038;p=906"},"modified":"2024-11-12T04:14:27","modified_gmt":"2024-11-12T04:14:27","slug":"wholesale-cooking-utensils-set","status":"publish","type":"product","link":"https:\/\/www.mcallenflatware.com\/pt\/product\/wholesale-cooking-utensils-set\/","title":{"rendered":"Conjunto de utens\u00edlios de cozinha por atacado Utens\u00edlios de cozinha de a\u00e7o inoxid\u00e1vel n\u00e3o t\u00f3xicos"},"content":{"rendered":"<h2 class=\"wp-block-heading\">Conjunto de utens\u00edlios de cozinha Carater\u00edsticas:<\/h2>\n\n\n\n<div class=\"wp-block-columns is-layout-flex wp-container-core-columns-is-layout-9d6595d7 wp-block-columns-is-layout-flex\">\n<div class=\"wp-block-column is-layout-flow wp-block-column-is-layout-flow\" style=\"flex-basis:66.66%\">\n<p><strong>A\u00e7o inoxid\u00e1vel dur\u00e1vel<\/strong><br>Fabricado em a\u00e7o inoxid\u00e1vel de qualidade alimentar, seguro e n\u00e3o t\u00f3xico, com excelente resist\u00eancia ao desgaste para uma utiliza\u00e7\u00e3o a longo prazo.<\/p>\n\n\n\n<p><strong>F\u00e1cil de limpar<\/strong><br>Superf\u00edcie lisa e polida dos utens\u00edlios de cozinha, f\u00e1cil de limpar e lav\u00e1vel na m\u00e1quina de lavar lou\u00e7a.<\/p>\n\n\n\n<p><strong>Design do anel de arruma\u00e7\u00e3o final<\/strong><br>Cada utens\u00edlio de cozinha est\u00e1 equipado com um orif\u00edcio de arruma\u00e7\u00e3o na extremidade, o que \u00e9 conveniente para pendurar na parede para arruma\u00e7\u00e3o e melhorar a utiliza\u00e7\u00e3o do espa\u00e7o da cozinha.<\/p>\n\n\n\n<p><strong>Pega antiderrapante<\/strong><br>Pega de conce\u00e7\u00e3o ergon\u00f3mica, confort\u00e1vel e segura de utilizar.<\/p>\n\n\n\n<p><strong>Escolha vers\u00e1til<\/strong><br>Mcallen oferece v\u00e1rios tipos: esp\u00e1tulas, colheres de sopa, escorredores, esp\u00e1tulas s\u00f3lidas e perfuradas, esp\u00e1tulas para frigideiras, garfos para massas, batedores de ovos e garfos. Suporte para personaliza\u00e7\u00e3o em massa.<\/p>\n<\/div>\n\n\n\n<div class=\"wp-block-column is-layout-flow wp-block-column-is-layout-flow\" style=\"flex-basis:33.33%\">\n<figure class=\"wp-block-image size-full\"><img decoding=\"async\" width=\"800\" height=\"800\" src=\"https:\/\/www.mcallenflatware.com\/wp-content\/uploads\/2024\/11\/Wholesale-Cooking-Utensils.webp\" alt=\"Venda por grosso de utens\u00edlios de cozinha\" class=\"wp-image-907\" srcset=\"https:\/\/www.mcallenflatware.com\/wp-content\/uploads\/2024\/11\/Wholesale-Cooking-Utensils.webp 800w, https:\/\/www.mcallenflatware.com\/wp-content\/uploads\/2024\/11\/Wholesale-Cooking-Utensils-150x150.webp 150w, https:\/\/www.mcallenflatware.com\/wp-content\/uploads\/2024\/11\/Wholesale-Cooking-Utensils-768x768.webp 768w, https:\/\/www.mcallenflatware.com\/wp-content\/uploads\/2024\/11\/Wholesale-Cooking-Utensils-600x600.webp 600w, https:\/\/www.mcallenflatware.com\/wp-content\/uploads\/2024\/11\/Wholesale-Cooking-Utensils-300x300.webp 300w, https:\/\/www.mcallenflatware.com\/wp-content\/uploads\/2024\/11\/Wholesale-Cooking-Utensils-100x100.webp 100w\" sizes=\"(max-width: 800px) 100vw, 800px\" \/><\/figure>\n<\/div>\n<\/div>","protected":false},"excerpt":{"rendered":"<p>O conjunto de utens\u00edlios de cozinha por atacado Mcallen \u00e9 feito de a\u00e7o inoxid\u00e1vel de qualidade alimentar selecionado, que \u00e9 seguro, n\u00e3o t\u00f3xico e dur\u00e1vel. O conjunto inclui uma variedade de utens\u00edlios, tais como esp\u00e1tulas, escorredores, colheres de sopa, etc., para satisfazer diferentes necessidades culin\u00e1rias. \u00c9 a melhor escolha para as cozinhas dom\u00e9sticas e para o sector da restaura\u00e7\u00e3o para comprar a granel!<\/p>\n<h2>Atributos do conjunto de utens\u00edlios de cozinha<\/h2>\n<p><strong>Nome da marca:<\/strong> Mcallen<br \/><strong>Tipo de utens\u00edlio:<\/strong> esp\u00e1tulas, colheres de sopa, escorredores, garfos para massas, etc.<br \/><strong>Material:<\/strong> A\u00e7o inoxid\u00e1vel<br \/><strong>Cor:<\/strong> Ouro, prata ou personalizado<br \/><strong>Polimento:<\/strong> Espelho Polido, Mate<br \/><strong>Design da pega:<\/strong> Pega de a\u00e7o antiderrapante<br \/><strong>Prazo de entrega da amostra:<\/strong> No prazo de 3 dias<br \/><strong>OEM\/ODM:<\/strong> Dispon\u00edvel<\/p>\n<h2>Conjunto de utens\u00edlios de cozinha personalizados:<\/h2>\n<p><strong>A\u00e7o inoxid\u00e1vel:<\/strong> A\u00e7o inoxid\u00e1vel 18\/10, 304, 316, 410, 430, 420<br \/><strong>Log\u00f3tipo:<\/strong> Grava\u00e7\u00e3o a laser, impress\u00e3o serigr\u00e1fica, impress\u00e3o UV, impress\u00e3o por transfer\u00eancia t\u00e9rmica, grava\u00e7\u00e3o em relevo, etc.<br \/><strong>Acabamentos de superf\u00edcie:<\/strong> Espelho polido, mate<br \/><b>Pega:<\/b>\u00a0Pegas em a\u00e7o inoxid\u00e1vel, madeira ou silicone.<br \/><strong>Embalagem:<\/strong> A granel, saco opp, caixa de cor, ou personalizado<\/p>","protected":false},"featured_media":907,"template":"","meta":[],"product_brand":[],"product_cat":[24,33],"product_tag":[],"class_list":{"0":"post-906","1":"product","2":"type-product","3":"status-publish","4":"has-post-thumbnail","6":"product_cat-wholesale-kitchen-utensils","7":"product_cat-wholesale-cooking-utensils","9":"first","10":"instock","11":"shipping-taxable","12":"product-type-simple"},"_links":{"self":[{"href":"https:\/\/www.mcallenflatware.com\/pt\/wp-json\/wp\/v2\/product\/906","targetHints":{"allow":["GET"]}}],"collection":[{"href":"https:\/\/www.mcallenflatware.com\/pt\/wp-json\/wp\/v2\/product"}],"about":[{"href":"https:\/\/www.mcallenflatware.com\/pt\/wp-json\/wp\/v2\/types\/product"}],"wp:featuredmedia":[{"embeddable":true,"href":"https:\/\/www.mcallenflatware.com\/pt\/wp-json\/wp\/v2\/media\/907"}],"wp:attachment":[{"href":"https:\/\/www.mcallenflatware.com\/pt\/wp-json\/wp\/v2\/media?parent=906"}],"wp:term":[{"taxonomy":"product_brand","embeddable":true,"href":"https:\/\/www.mcallenflatware.com\/pt\/wp-json\/wp\/v2\/product_brand?post=906"},{"taxonomy":"product_cat","embeddable":true,"href":"https:\/\/www.mcallenflatware.com\/pt\/wp-json\/wp\/v2\/product_cat?post=906"},{"taxonomy":"product_tag","embeddable":true,"href":"https:\/\/www.mcallenflatware.com\/pt\/wp-json\/wp\/v2\/product_tag?post=906"}],"curies":[{"name":"wp","href":"https:\/\/api.w.org\/{rel}","templated":true}]}}