{"id":914,"date":"2024-11-12T03:03:42","date_gmt":"2024-11-12T03:03:42","guid":{"rendered":"https:\/\/www.mcallenflatware.com\/?post_type=product&#038;p=914"},"modified":"2025-11-24T04:10:15","modified_gmt":"2025-11-24T04:10:15","slug":"childrens-cutlery-wholesale","status":"publish","type":"product","link":"https:\/\/www.mcallenflatware.com\/pt\/product\/childrens-cutlery-wholesale\/","title":{"rendered":"Talheres para crian\u00e7as por atacado em a\u00e7o inoxid\u00e1vel com cabo bonito"},"content":{"rendered":"<h2 class=\"wp-block-heading\">Talheres para crian\u00e7as Carater\u00edsticas:<\/h2>\n\n\n\n<div class=\"wp-block-columns is-layout-flex wp-container-core-columns-is-layout-9d6595d7 wp-block-columns-is-layout-flex\">\n<div class=\"wp-block-column is-layout-flow wp-block-column-is-layout-flow\" style=\"flex-basis:66.66%\">\n<p><strong>A\u00e7o inoxid\u00e1vel n\u00e3o t\u00f3xico e amigo do ambiente<\/strong><br>Feito de a\u00e7o inoxid\u00e1vel de qualidade alimentar, seguro, n\u00e3o t\u00f3xico, resistente ao desgaste, adequado para crian\u00e7as<\/p>\n\n\n\n<p><strong>Design seguro com arestas redondas<\/strong><br>Todos os garfos e colheres s\u00e3o concebidos com bordos redondos para evitar riscos. A sua utiliza\u00e7\u00e3o \u00e9 mais segura e foi concebida para as crian\u00e7as.<\/p>\n\n\n\n<p><strong>Desenho giro<\/strong><br>A pega em forma de animal girafa \u00e9 colorida e adorada pelas crian\u00e7as, atraindo a aten\u00e7\u00e3o do utilizador.<\/p>\n\n\n\n<p><strong>Pega antiderrapante<\/strong><br>O material utilizado para a pega \u00e9 confort\u00e1vel e f\u00e1cil de segurar. Adapta-se perfeitamente \u00e0 palma da m\u00e3o pequena da crian\u00e7a, \u00e9 est\u00e1vel e ajuda-a a aprender a comer de forma aut\u00f3noma.<\/p>\n\n\n\n<p><strong>F\u00e1cil de limpar<\/strong><br>O material de a\u00e7o inoxid\u00e1vel \u00e0 prova de ferrugem \u00e9 f\u00e1cil de limpar e pode ser colocado na m\u00e1quina de lavar lou\u00e7a.<\/p>\n\n\n\n<p><strong>Leve e port\u00e1til<\/strong><br>Equipados com uma caixa pr\u00e1tica, os utens\u00edlios de mesa s\u00e3o leves e f\u00e1ceis de transportar, adequados para casa, escola e refei\u00e7\u00f5es ao ar livre.<\/p>\n<\/div>\n\n\n\n<div class=\"wp-block-column is-layout-flow wp-block-column-is-layout-flow\" style=\"flex-basis:33.33%\">\n<figure class=\"wp-block-image size-full\"><img decoding=\"async\" width=\"709\" height=\"812\" src=\"https:\/\/www.mcallenflatware.com\/wp-content\/uploads\/2024\/11\/Wholesale-Childrens-Cutlery-1.webp\" alt=\"Talheres para crian\u00e7as por atacado 1\" class=\"wp-image-917\" srcset=\"https:\/\/www.mcallenflatware.com\/wp-content\/uploads\/2024\/11\/Wholesale-Childrens-Cutlery-1.webp 709w, https:\/\/www.mcallenflatware.com\/wp-content\/uploads\/2024\/11\/Wholesale-Childrens-Cutlery-1-600x687.webp 600w\" sizes=\"(max-width: 709px) 100vw, 709px\" \/><\/figure>\n<\/div>\n<\/div>\n\n\n\n<p><\/p>","protected":false},"excerpt":{"rendered":"<p>Estes talheres para crian\u00e7as por atacado t\u00eam um design de pega bonito, que pode aumentar a divers\u00e3o das refei\u00e7\u00f5es das crian\u00e7as. O design arredondado e a pega antiderrapante garantem uma utiliza\u00e7\u00e3o segura e confort\u00e1vel. \u00c9 leve e port\u00e1til, adequado para uso di\u00e1rio e transporte, e \u00e9 a escolha ideal para as refei\u00e7\u00f5es das crian\u00e7as.<\/p>\n<h2>Atributos dos talheres para crian\u00e7as<\/h2>\n<p><strong>Nome da marca:<\/strong> Mcallen<br \/><strong>Material:<\/strong> A\u00e7o inoxid\u00e1vel<br \/><strong>Cor:<\/strong> Prata, cabo colorido<br \/><strong>Polimento:<\/strong> Espelho polido<br \/><strong>Conce\u00e7\u00e3o<\/strong><strong>:<\/strong> Fofo, com pega em forma de animal<br \/><strong>Prazo de entrega da amostra:<\/strong> No prazo de 3 dias<br \/><strong>OEM\/ODM:<\/strong> Dispon\u00edvel<\/p>\n<h2>Talheres para crian\u00e7as personalizados:<\/h2>\n<p><strong>A\u00e7o inoxid\u00e1vel:<\/strong> A\u00e7o inoxid\u00e1vel 18\/10, 304, 316, 410, 430, 420<br \/><strong>Log\u00f3tipo:<\/strong> Grava\u00e7\u00e3o a laser, impress\u00e3o serigr\u00e1fica, impress\u00e3o UV, impress\u00e3o por transfer\u00eancia t\u00e9rmica, grava\u00e7\u00e3o em relevo, etc.<br \/><strong>Embalagem:<\/strong> 4\/8\/12\/16\/20\/24\/45\/48\/72pcs set<br \/><strong>Acabamentos de superf\u00edcie:<\/strong> Polido com espelho, mate, polido com \u00e1gua, revestimento de tit\u00e2nio<br \/><strong>Embalagem:<\/strong> A granel, saco opp, caixa de cor, caixa de oferta, personalizado<\/p>","protected":false},"featured_media":917,"template":"","meta":[],"product_brand":[],"product_cat":[23,28],"product_tag":[],"class_list":{"0":"post-914","1":"product","2":"type-product","3":"status-publish","4":"has-post-thumbnail","6":"product_cat-wholesale-flatware","7":"product_cat-childrens-cutlery-set-wholesale","9":"first","10":"instock","11":"shipping-taxable","12":"product-type-simple"},"_links":{"self":[{"href":"https:\/\/www.mcallenflatware.com\/pt\/wp-json\/wp\/v2\/product\/914","targetHints":{"allow":["GET"]}}],"collection":[{"href":"https:\/\/www.mcallenflatware.com\/pt\/wp-json\/wp\/v2\/product"}],"about":[{"href":"https:\/\/www.mcallenflatware.com\/pt\/wp-json\/wp\/v2\/types\/product"}],"wp:featuredmedia":[{"embeddable":true,"href":"https:\/\/www.mcallenflatware.com\/pt\/wp-json\/wp\/v2\/media\/917"}],"wp:attachment":[{"href":"https:\/\/www.mcallenflatware.com\/pt\/wp-json\/wp\/v2\/media?parent=914"}],"wp:term":[{"taxonomy":"product_brand","embeddable":true,"href":"https:\/\/www.mcallenflatware.com\/pt\/wp-json\/wp\/v2\/product_brand?post=914"},{"taxonomy":"product_cat","embeddable":true,"href":"https:\/\/www.mcallenflatware.com\/pt\/wp-json\/wp\/v2\/product_cat?post=914"},{"taxonomy":"product_tag","embeddable":true,"href":"https:\/\/www.mcallenflatware.com\/pt\/wp-json\/wp\/v2\/product_tag?post=914"}],"curies":[{"name":"wp","href":"https:\/\/api.w.org\/{rel}","templated":true}]}}