{"id":919,"date":"2024-11-11T11:09:53","date_gmt":"2024-11-11T11:09:53","guid":{"rendered":"https:\/\/www.mcallenflatware.com\/?post_type=product&#038;p=919"},"modified":"2024-11-12T18:23:46","modified_gmt":"2024-11-12T18:23:46","slug":"wholesale-flatware-sets-for-16","status":"publish","type":"product","link":"https:\/\/www.mcallenflatware.com\/pt\/product\/wholesale-flatware-sets-for-16\/","title":{"rendered":"Conjuntos de talheres para 16 pessoas em a\u00e7o inoxid\u00e1vel com caixa com janela para PC"},"content":{"rendered":"<h2 class=\"wp-block-heading\">Carater\u00edsticas dos conjuntos de talheres para 16 pessoas :<\/h2>\n\n\n\n<div class=\"wp-block-columns is-layout-flex wp-container-core-columns-is-layout-9d6595d7 wp-block-columns-is-layout-flex\">\n<div class=\"wp-block-column is-layout-flow wp-block-column-is-layout-flow\" style=\"flex-basis:66.66%\">\n<p><strong>A\u00e7o inoxid\u00e1vel de alta qualidade<\/strong><br>Fabricado em a\u00e7o inoxid\u00e1vel de alta qualidade, material dur\u00e1vel e ecol\u00f3gico, e certificado para seguran\u00e7a alimentar, pode manter o seu brilho e qualidade durante muito tempo.<\/p>\n\n\n\n<p><strong>Design cl\u00e1ssico, pega confort\u00e1vel<\/strong><br>O design \u00e9 moderno e elegante, adequado para v\u00e1rias ocasi\u00f5es ou estilos de mesa.<\/p>\n\n\n\n<p><strong>Embalagem de caixa de oferta personaliz\u00e1vel<\/strong><br>Equipado com uma embalagem requintada de conjunto de caixas, com janela transparente para PC, pode ver diretamente a qualidade do produto, adequado para oferta de presentes e vendas. Fornecer servi\u00e7o de conjunto de talheres personalizado OEM e ODM.<\/p>\n<\/div>\n\n\n\n<div class=\"wp-block-column is-layout-flow wp-block-column-is-layout-flow\" style=\"flex-basis:33.33%\">\n<figure class=\"wp-block-image size-full\"><img decoding=\"async\" width=\"750\" height=\"750\" src=\"https:\/\/www.mcallenflatware.com\/wp-content\/uploads\/2024\/11\/Wholesale-Flatware-Sets-for-16-5.webp\" alt=\"Conjuntos de talheres por atacado para 16 5\" class=\"wp-image-929\" srcset=\"https:\/\/www.mcallenflatware.com\/wp-content\/uploads\/2024\/11\/Wholesale-Flatware-Sets-for-16-5.webp 750w, https:\/\/www.mcallenflatware.com\/wp-content\/uploads\/2024\/11\/Wholesale-Flatware-Sets-for-16-5-150x150.webp 150w, https:\/\/www.mcallenflatware.com\/wp-content\/uploads\/2024\/11\/Wholesale-Flatware-Sets-for-16-5-600x600.webp 600w, https:\/\/www.mcallenflatware.com\/wp-content\/uploads\/2024\/11\/Wholesale-Flatware-Sets-for-16-5-300x300.webp 300w, https:\/\/www.mcallenflatware.com\/wp-content\/uploads\/2024\/11\/Wholesale-Flatware-Sets-for-16-5-100x100.webp 100w\" sizes=\"(max-width: 750px) 100vw, 750px\" \/><\/figure>\n<\/div>\n<\/div>","protected":false},"excerpt":{"rendered":"<p><span style=\"font-size: 16px;\">Os conjuntos de talheres por grosso para 16 pessoas, feitos de materiais de a\u00e7o inoxid\u00e1vel, est\u00e3o dispon\u00edveis com log\u00f3tipo personalizado, embalagem e op\u00e7\u00f5es de cor. Diretamente da f\u00e1brica, oferecemos solu\u00e7\u00f5es OEM rent\u00e1veis e apoiamos os servi\u00e7os de com\u00e9rcio eletr\u00f3nico da Amazon. Melhor desconto para grandes encomendas, bem-vindo ao inqu\u00e9rito!<\/span><\/p>\n<h2>Atributos dos conjuntos de talheres para 16 pessoas\u00a0<\/h2>\n<p><strong>Nome da marca:<\/strong> Mcallen<br \/><strong>Material:<\/strong> A\u00e7o inoxid\u00e1vel<br \/><strong>Cor:<\/strong>\u00a0 Prata\/dourado\/dourado rosa\/preto\/arco-\u00edris<br \/><strong>Polimento:<\/strong> Espelho polido<br \/><strong>Estilo de design:<\/strong> Cl\u00e1ssico<br \/><strong>Prazo de entrega da amostra:<\/strong> No prazo de 3 dias<br \/><strong>OEM\/ODM:<\/strong> Dispon\u00edvel<\/p>\n<h2>Conjuntos de talheres personalizados para 16:<\/h2>\n<p><strong>A\u00e7o inoxid\u00e1vel:<\/strong> A\u00e7o inoxid\u00e1vel 18\/10, 304, 316, 410, 430, 420<br \/><strong>Log\u00f3tipo:<\/strong> Grava\u00e7\u00e3o a laser, impress\u00e3o serigr\u00e1fica, impress\u00e3o UV, impress\u00e3o por transfer\u00eancia t\u00e9rmica, grava\u00e7\u00e3o em relevo, etc.<br \/><strong>Embalagem:<\/strong> 4\/8\/12\/16\/20\/24\/45\/48\/72pcs set<br \/><strong>Acabamentos de superf\u00edcie:<\/strong> Polido com espelho, mate, polido com \u00e1gua, revestimento de tit\u00e2nio<br \/><strong>Embalagem:<\/strong> A granel, saco opp, caixa de cor, caixa de oferta, personalizado<\/p>","protected":false},"featured_media":926,"template":"","meta":[],"product_brand":[],"product_cat":[23,30],"product_tag":[],"class_list":{"0":"post-919","1":"product","2":"type-product","3":"status-publish","4":"has-post-thumbnail","6":"product_cat-wholesale-flatware","7":"product_cat-custom-cutlery-gift-set","9":"first","10":"instock","11":"shipping-taxable","12":"product-type-simple"},"_links":{"self":[{"href":"https:\/\/www.mcallenflatware.com\/pt\/wp-json\/wp\/v2\/product\/919","targetHints":{"allow":["GET"]}}],"collection":[{"href":"https:\/\/www.mcallenflatware.com\/pt\/wp-json\/wp\/v2\/product"}],"about":[{"href":"https:\/\/www.mcallenflatware.com\/pt\/wp-json\/wp\/v2\/types\/product"}],"wp:featuredmedia":[{"embeddable":true,"href":"https:\/\/www.mcallenflatware.com\/pt\/wp-json\/wp\/v2\/media\/926"}],"wp:attachment":[{"href":"https:\/\/www.mcallenflatware.com\/pt\/wp-json\/wp\/v2\/media?parent=919"}],"wp:term":[{"taxonomy":"product_brand","embeddable":true,"href":"https:\/\/www.mcallenflatware.com\/pt\/wp-json\/wp\/v2\/product_brand?post=919"},{"taxonomy":"product_cat","embeddable":true,"href":"https:\/\/www.mcallenflatware.com\/pt\/wp-json\/wp\/v2\/product_cat?post=919"},{"taxonomy":"product_tag","embeddable":true,"href":"https:\/\/www.mcallenflatware.com\/pt\/wp-json\/wp\/v2\/product_tag?post=919"}],"curies":[{"name":"wp","href":"https:\/\/api.w.org\/{rel}","templated":true}]}}