{"id":930,"date":"2024-11-11T12:02:44","date_gmt":"2024-11-11T12:02:44","guid":{"rendered":"https:\/\/www.mcallenflatware.com\/?post_type=product&#038;p=930"},"modified":"2024-11-11T12:03:04","modified_gmt":"2024-11-11T12:03:04","slug":"bulk-20-pc-flatware-set","status":"publish","type":"product","link":"https:\/\/www.mcallenflatware.com\/pt\/product\/bulk-20-pc-flatware-set\/","title":{"rendered":"Conjunto de talheres de 20 pe\u00e7as em a\u00e7o inoxid\u00e1vel Sliver Glod"},"content":{"rendered":"<h2 class=\"wp-block-heading\">Carater\u00edsticas do conjunto de talheres de 20 pe\u00e7as:<\/h2>\n\n\n\n<div class=\"wp-block-columns is-layout-flex wp-container-core-columns-is-layout-9d6595d7 wp-block-columns-is-layout-flex\">\n<div class=\"wp-block-column is-layout-flow wp-block-column-is-layout-flow\" style=\"flex-basis:66.66%\">\n<p><strong>Conjunto completo de talheres<\/strong><br>Uma variedade de conjuntos de talheres, incluindo 4 facas de jantar, 4 garfos de jantar, 4 colheres de refei\u00e7\u00e3o, 4 colheres de ch\u00e1 e 4 garfos de ch\u00e1, ir\u00e1 fornecer um conjunto completo de talheres para fam\u00edlias ou festas.<\/p>\n\n\n\n<p><strong>Material duradouro em a\u00e7o inoxid\u00e1vel<\/strong><br>O material de a\u00e7o inoxid\u00e1vel polido \u00e9 saud\u00e1vel, seguro e \u00e0 prova de ferrugem.<\/p>\n\n\n\n<p><strong>Embalagem colorida<\/strong><br>Fornecer caixas de embalagem de pl\u00e1stico com log\u00f3tipos e padr\u00f5es personalizados para criar produtos atractivos.<\/p>\n\n\n\n<p><strong>Prestar servi\u00e7os personalizados aos vendedores de com\u00e9rcio eletr\u00f3nico<\/strong><br>Fornecer servi\u00e7os personalizados OEM e ODM para diferentes vendedores, incluindo Amazon, Lazada, Shopee, etc., para ajudar os clientes a expandir rapidamente os servi\u00e7os.<\/p>\n<\/div>\n\n\n\n<div class=\"wp-block-column is-layout-flow wp-block-column-is-layout-flow\" style=\"flex-basis:33.33%\">\n<figure class=\"wp-block-image size-full\"><img decoding=\"async\" width=\"800\" height=\"800\" src=\"https:\/\/www.mcallenflatware.com\/wp-content\/uploads\/2024\/11\/Bulk-20-PC-Flatware-Set-6.webp\" alt=\"Conjunto de talheres de 20 pe\u00e7as a granel 6\" class=\"wp-image-941\" srcset=\"https:\/\/www.mcallenflatware.com\/wp-content\/uploads\/2024\/11\/Bulk-20-PC-Flatware-Set-6.webp 800w, https:\/\/www.mcallenflatware.com\/wp-content\/uploads\/2024\/11\/Bulk-20-PC-Flatware-Set-6-150x150.webp 150w, https:\/\/www.mcallenflatware.com\/wp-content\/uploads\/2024\/11\/Bulk-20-PC-Flatware-Set-6-768x768.webp 768w, https:\/\/www.mcallenflatware.com\/wp-content\/uploads\/2024\/11\/Bulk-20-PC-Flatware-Set-6-600x600.webp 600w, https:\/\/www.mcallenflatware.com\/wp-content\/uploads\/2024\/11\/Bulk-20-PC-Flatware-Set-6-300x300.webp 300w, https:\/\/www.mcallenflatware.com\/wp-content\/uploads\/2024\/11\/Bulk-20-PC-Flatware-Set-6-100x100.webp 100w\" sizes=\"(max-width: 800px) 100vw, 800px\" \/><\/figure>\n<\/div>\n<\/div>","protected":false},"excerpt":{"rendered":"<p>O nosso conjunto de talheres de 20 pe\u00e7as com caixa, em a\u00e7o inoxid\u00e1vel dourado e prateado, polido e brilhante, com faca, garfo, colher, colher de ch\u00e1 e colher pequena, pode satisfazer diversas necessidades gastron\u00f3micas. Bem-vindo a contactar-nos para obter solu\u00e7\u00f5es personalizadas por atacado mais rent\u00e1veis.<\/p>\n<h2>Atributos do conjunto de talheres de 20 pe\u00e7as\u00a0<\/h2>\n<p><strong>Nome da marca:<\/strong> Mcallen<br \/><strong>Material:<\/strong> A\u00e7o inoxid\u00e1vel<br \/><strong>Cor:<\/strong>\u00a0 Prata\/dourado\/dourado rosa\/preto<br \/><strong>Polimento:<\/strong> Espelho polido<br \/><strong>Tipo de talheres:<\/strong>\u00a0 Facas, garfos, colheres, colheres de ch\u00e1 e garfos de ch\u00e1<br \/><strong>Prazo de entrega da amostra:<\/strong> No prazo de 3 dias<br \/><strong>OEM\/ODM:<\/strong> Dispon\u00edvel<\/p>\n<h2>Conjunto de talheres personalizado de 20 pe\u00e7as:<\/h2>\n<p><strong>A\u00e7o inoxid\u00e1vel:<\/strong> A\u00e7o inoxid\u00e1vel 18\/10, 304, 316, 410, 430, 420<br \/><strong>Log\u00f3tipo:<\/strong> Grava\u00e7\u00e3o a laser, impress\u00e3o serigr\u00e1fica, impress\u00e3o UV, impress\u00e3o por transfer\u00eancia t\u00e9rmica, grava\u00e7\u00e3o em relevo, etc.<br \/><strong>Embalagem:<\/strong> 4\/8\/12\/16\/20\/24\/45\/48\/72pcs set<br \/><strong>Acabamentos de superf\u00edcie:<\/strong> Polido com espelho, mate, polido com \u00e1gua, revestimento de tit\u00e2nio<br \/><strong>Embalagem:<\/strong> A granel, saco opp, caixa de cor, caixa de oferta, personalizado<\/p>","protected":false},"featured_media":940,"template":"","meta":[],"product_brand":[],"product_cat":[23,30],"product_tag":[],"class_list":{"0":"post-930","1":"product","2":"type-product","3":"status-publish","4":"has-post-thumbnail","6":"product_cat-wholesale-flatware","7":"product_cat-custom-cutlery-gift-set","9":"first","10":"instock","11":"shipping-taxable","12":"product-type-simple"},"_links":{"self":[{"href":"https:\/\/www.mcallenflatware.com\/pt\/wp-json\/wp\/v2\/product\/930","targetHints":{"allow":["GET"]}}],"collection":[{"href":"https:\/\/www.mcallenflatware.com\/pt\/wp-json\/wp\/v2\/product"}],"about":[{"href":"https:\/\/www.mcallenflatware.com\/pt\/wp-json\/wp\/v2\/types\/product"}],"wp:featuredmedia":[{"embeddable":true,"href":"https:\/\/www.mcallenflatware.com\/pt\/wp-json\/wp\/v2\/media\/940"}],"wp:attachment":[{"href":"https:\/\/www.mcallenflatware.com\/pt\/wp-json\/wp\/v2\/media?parent=930"}],"wp:term":[{"taxonomy":"product_brand","embeddable":true,"href":"https:\/\/www.mcallenflatware.com\/pt\/wp-json\/wp\/v2\/product_brand?post=930"},{"taxonomy":"product_cat","embeddable":true,"href":"https:\/\/www.mcallenflatware.com\/pt\/wp-json\/wp\/v2\/product_cat?post=930"},{"taxonomy":"product_tag","embeddable":true,"href":"https:\/\/www.mcallenflatware.com\/pt\/wp-json\/wp\/v2\/product_tag?post=930"}],"curies":[{"name":"wp","href":"https:\/\/api.w.org\/{rel}","templated":true}]}}