{"id":943,"date":"2024-11-12T11:35:34","date_gmt":"2024-11-12T11:35:34","guid":{"rendered":"https:\/\/www.mcallenflatware.com\/?post_type=product&#038;p=943"},"modified":"2024-11-12T11:35:35","modified_gmt":"2024-11-12T11:35:35","slug":"wholesale-coffee-scoop-clip","status":"publish","type":"product","link":"https:\/\/www.mcallenflatware.com\/pt\/product\/wholesale-coffee-scoop-clip\/","title":{"rendered":"Colher de caf\u00e9 por atacado Clipe de a\u00e7o inoxid\u00e1vel Glod Sliver Preto Personalizado"},"content":{"rendered":"<h2 class=\"wp-block-heading\">Clip para colher de caf\u00e9 Carater\u00edsticas:<\/h2>\n\n\n\n<div class=\"wp-block-columns is-layout-flex wp-container-core-columns-is-layout-9d6595d7 wp-block-columns-is-layout-flex\">\n<div class=\"wp-block-column is-layout-flow wp-block-column-is-layout-flow\" style=\"flex-basis:66.66%\">\n<p><strong>Design multifuncional<\/strong><br>Combina duas fun\u00e7\u00f5es de colher de caf\u00e9 e clipe de selagem numa s\u00f3, conveniente e economizadora de espa\u00e7o.<\/p>\n\n\n\n<p><strong>Medi\u00e7\u00e3o exacta<\/strong><br>Uma colher, uma ch\u00e1vena, garante a quantidade exacta de p\u00f3 de caf\u00e9 utilizada de cada vez e real\u00e7a o sabor do caf\u00e9.<\/p>\n\n\n\n<p><strong>Selado para maior frescura<\/strong><br>O clipe de veda\u00e7\u00e3o mant\u00e9m eficazmente o aroma fresco do caf\u00e9, evitando a oxida\u00e7\u00e3o e a humidade.<\/p>\n\n\n\n<p><strong>A\u00e7o inoxid\u00e1vel de alta qualidade<\/strong><br>Material de a\u00e7o inoxid\u00e1vel de qualidade alimentar, resistente \u00e0 ferrugem e dur\u00e1vel, f\u00e1cil de limpar, adequado para utiliza\u00e7\u00e3o di\u00e1ria.<\/p>\n\n\n\n<p><strong>Colorido<\/strong><br>As op\u00e7\u00f5es de cores ricas s\u00e3o adequadas a diferentes est\u00e9ticas e estilos de cozinha, permitindo que os utilizadores as combinem de acordo com as suas prefer\u00eancias e ajudando tamb\u00e9m a melhorar a imagem da marca.<\/p>\n\n\n\n<p><strong>Design port\u00e1til<\/strong><br>Compacto e leve, f\u00e1cil de guardar, adequado para levar para casa.<\/p>\n<\/div>\n\n\n\n<div class=\"wp-block-column is-layout-flow wp-block-column-is-layout-flow\" style=\"flex-basis:33.33%\">\n<figure class=\"wp-block-image size-full\"><img decoding=\"async\" width=\"800\" height=\"800\" src=\"https:\/\/www.mcallenflatware.com\/wp-content\/uploads\/2024\/11\/Wholesale-Coffee-Scoop-Clip-2.webp\" alt=\"Clipe de colher de caf\u00e9 por atacado (2)\" class=\"wp-image-945\" srcset=\"https:\/\/www.mcallenflatware.com\/wp-content\/uploads\/2024\/11\/Wholesale-Coffee-Scoop-Clip-2.webp 800w, https:\/\/www.mcallenflatware.com\/wp-content\/uploads\/2024\/11\/Wholesale-Coffee-Scoop-Clip-2-150x150.webp 150w, https:\/\/www.mcallenflatware.com\/wp-content\/uploads\/2024\/11\/Wholesale-Coffee-Scoop-Clip-2-768x768.webp 768w, https:\/\/www.mcallenflatware.com\/wp-content\/uploads\/2024\/11\/Wholesale-Coffee-Scoop-Clip-2-600x600.webp 600w, https:\/\/www.mcallenflatware.com\/wp-content\/uploads\/2024\/11\/Wholesale-Coffee-Scoop-Clip-2-300x300.webp 300w, https:\/\/www.mcallenflatware.com\/wp-content\/uploads\/2024\/11\/Wholesale-Coffee-Scoop-Clip-2-100x100.webp 100w\" sizes=\"(max-width: 800px) 100vw, 800px\" \/><\/figure>\n<\/div>\n<\/div>\n\n\n\n<div class=\"wp-block-columns is-layout-flex wp-container-core-columns-is-layout-9d6595d7 wp-block-columns-is-layout-flex\">\n<div class=\"wp-block-column is-layout-flow wp-block-column-is-layout-flow\">\n<figure class=\"wp-block-image size-full\"><img decoding=\"async\" width=\"800\" height=\"800\" src=\"https:\/\/www.mcallenflatware.com\/wp-content\/uploads\/2024\/11\/Wholesale-Coffee-Scoop-Clip-5.webp\" alt=\"Clip de colher de caf\u00e9 por atacado (5)\" class=\"wp-image-948\" srcset=\"https:\/\/www.mcallenflatware.com\/wp-content\/uploads\/2024\/11\/Wholesale-Coffee-Scoop-Clip-5.webp 800w, https:\/\/www.mcallenflatware.com\/wp-content\/uploads\/2024\/11\/Wholesale-Coffee-Scoop-Clip-5-150x150.webp 150w, https:\/\/www.mcallenflatware.com\/wp-content\/uploads\/2024\/11\/Wholesale-Coffee-Scoop-Clip-5-768x768.webp 768w, https:\/\/www.mcallenflatware.com\/wp-content\/uploads\/2024\/11\/Wholesale-Coffee-Scoop-Clip-5-600x600.webp 600w, https:\/\/www.mcallenflatware.com\/wp-content\/uploads\/2024\/11\/Wholesale-Coffee-Scoop-Clip-5-300x300.webp 300w, https:\/\/www.mcallenflatware.com\/wp-content\/uploads\/2024\/11\/Wholesale-Coffee-Scoop-Clip-5-100x100.webp 100w\" sizes=\"(max-width: 800px) 100vw, 800px\" \/><\/figure>\n<\/div>\n\n\n\n<div class=\"wp-block-column is-layout-flow wp-block-column-is-layout-flow\">\n<figure class=\"wp-block-image size-full\"><img decoding=\"async\" width=\"800\" height=\"800\" src=\"https:\/\/www.mcallenflatware.com\/wp-content\/uploads\/2024\/11\/Wholesale-Coffee-Scoop-Clip-7.webp\" alt=\"Clip de colher de caf\u00e9 por atacado (7)\" class=\"wp-image-950\" srcset=\"https:\/\/www.mcallenflatware.com\/wp-content\/uploads\/2024\/11\/Wholesale-Coffee-Scoop-Clip-7.webp 800w, https:\/\/www.mcallenflatware.com\/wp-content\/uploads\/2024\/11\/Wholesale-Coffee-Scoop-Clip-7-150x150.webp 150w, https:\/\/www.mcallenflatware.com\/wp-content\/uploads\/2024\/11\/Wholesale-Coffee-Scoop-Clip-7-768x768.webp 768w, https:\/\/www.mcallenflatware.com\/wp-content\/uploads\/2024\/11\/Wholesale-Coffee-Scoop-Clip-7-600x600.webp 600w, https:\/\/www.mcallenflatware.com\/wp-content\/uploads\/2024\/11\/Wholesale-Coffee-Scoop-Clip-7-300x300.webp 300w, https:\/\/www.mcallenflatware.com\/wp-content\/uploads\/2024\/11\/Wholesale-Coffee-Scoop-Clip-7-100x100.webp 100w\" sizes=\"(max-width: 800px) 100vw, 800px\" \/><\/figure>\n<\/div>\n\n\n\n<div class=\"wp-block-column is-layout-flow wp-block-column-is-layout-flow\">\n<figure class=\"wp-block-image size-full\"><img decoding=\"async\" width=\"800\" height=\"800\" src=\"https:\/\/www.mcallenflatware.com\/wp-content\/uploads\/2024\/11\/Wholesale-Coffee-Scoop-Clip-6.webp\" alt=\"Clipes de colher de caf\u00e9 por atacado (6)\" class=\"wp-image-949\" srcset=\"https:\/\/www.mcallenflatware.com\/wp-content\/uploads\/2024\/11\/Wholesale-Coffee-Scoop-Clip-6.webp 800w, https:\/\/www.mcallenflatware.com\/wp-content\/uploads\/2024\/11\/Wholesale-Coffee-Scoop-Clip-6-150x150.webp 150w, https:\/\/www.mcallenflatware.com\/wp-content\/uploads\/2024\/11\/Wholesale-Coffee-Scoop-Clip-6-768x768.webp 768w, https:\/\/www.mcallenflatware.com\/wp-content\/uploads\/2024\/11\/Wholesale-Coffee-Scoop-Clip-6-600x600.webp 600w, https:\/\/www.mcallenflatware.com\/wp-content\/uploads\/2024\/11\/Wholesale-Coffee-Scoop-Clip-6-300x300.webp 300w, https:\/\/www.mcallenflatware.com\/wp-content\/uploads\/2024\/11\/Wholesale-Coffee-Scoop-Clip-6-100x100.webp 100w\" sizes=\"(max-width: 800px) 100vw, 800px\" \/><\/figure>\n<\/div>\n<\/div>","protected":false},"excerpt":{"rendered":"<p>Esta pin\u00e7a para caf\u00e9 combina uma pin\u00e7a de medi\u00e7\u00e3o de caf\u00e9 e uma pin\u00e7a de selagem numa s\u00f3, concebida para os amantes de caf\u00e9. Mede com exatid\u00e3o o caf\u00e9 mo\u00eddo enquanto sela o saco para manter o caf\u00e9 fresco. Perfeito para utiliza\u00e7\u00e3o em casa e para compras a granel em caf\u00e9s e restaurantes.<\/p>\n<h2>Clip de colher de caf\u00e9 Atributos<\/h2>\n<p><strong>Nome da marca:<\/strong> Mcallen<br \/><strong>Material:<\/strong> A\u00e7o inoxid\u00e1vel<br \/><strong>Cor:<\/strong> Ouro, prata, preto ou personalizado<br \/><strong>Polimento:<\/strong> Espelho polido<br \/><strong>Prazo de entrega da amostra:<\/strong> No prazo de 3 dias<br \/><strong>OEM\/ODM:<\/strong> Dispon\u00edvel<\/p>\n<h2>Clip para colher de caf\u00e9 personalizado:<\/h2>\n<p><strong>A\u00e7o inoxid\u00e1vel:<\/strong> A\u00e7o inoxid\u00e1vel 18\/10, 304, 316, 410, 430, 420<br \/><strong>Log\u00f3tipo:<\/strong> Grava\u00e7\u00e3o a laser, impress\u00e3o serigr\u00e1fica, impress\u00e3o UV, impress\u00e3o por transfer\u00eancia t\u00e9rmica, grava\u00e7\u00e3o em relevo, etc.<br \/><strong>Acabamentos de superf\u00edcie:<\/strong> Espelho polido, mate.<br \/><strong>Embalagem:<\/strong> A granel, saco opp, caixa de cor, caixa de oferta, personalizado<\/p>","protected":false},"featured_media":946,"template":"","meta":[],"product_brand":[],"product_cat":[24,32],"product_tag":[],"class_list":{"0":"post-943","1":"product","2":"type-product","3":"status-publish","4":"has-post-thumbnail","6":"product_cat-wholesale-kitchen-utensils","7":"product_cat-custom-baking-tools-utensils","9":"first","10":"instock","11":"shipping-taxable","12":"product-type-simple"},"_links":{"self":[{"href":"https:\/\/www.mcallenflatware.com\/pt\/wp-json\/wp\/v2\/product\/943","targetHints":{"allow":["GET"]}}],"collection":[{"href":"https:\/\/www.mcallenflatware.com\/pt\/wp-json\/wp\/v2\/product"}],"about":[{"href":"https:\/\/www.mcallenflatware.com\/pt\/wp-json\/wp\/v2\/types\/product"}],"wp:featuredmedia":[{"embeddable":true,"href":"https:\/\/www.mcallenflatware.com\/pt\/wp-json\/wp\/v2\/media\/946"}],"wp:attachment":[{"href":"https:\/\/www.mcallenflatware.com\/pt\/wp-json\/wp\/v2\/media?parent=943"}],"wp:term":[{"taxonomy":"product_brand","embeddable":true,"href":"https:\/\/www.mcallenflatware.com\/pt\/wp-json\/wp\/v2\/product_brand?post=943"},{"taxonomy":"product_cat","embeddable":true,"href":"https:\/\/www.mcallenflatware.com\/pt\/wp-json\/wp\/v2\/product_cat?post=943"},{"taxonomy":"product_tag","embeddable":true,"href":"https:\/\/www.mcallenflatware.com\/pt\/wp-json\/wp\/v2\/product_tag?post=943"}],"curies":[{"name":"wp","href":"https:\/\/api.w.org\/{rel}","templated":true}]}}