{"id":958,"date":"2024-11-11T12:54:37","date_gmt":"2024-11-11T12:54:37","guid":{"rendered":"https:\/\/www.mcallenflatware.com\/?post_type=product&#038;p=958"},"modified":"2024-11-11T12:54:38","modified_gmt":"2024-11-11T12:54:38","slug":"48-piece-cutlery-set-wholesale","status":"publish","type":"product","link":"https:\/\/www.mcallenflatware.com\/pt\/product\/48-piece-cutlery-set-wholesale\/","title":{"rendered":"Conjunto de talheres de 48 pe\u00e7as em a\u00e7o inoxid\u00e1vel com caixa"},"content":{"rendered":"<h2 class=\"wp-block-heading\">Carater\u00edsticas do conjunto de talheres de 48 pe\u00e7as :<\/h2>\n\n\n\n<div class=\"wp-block-columns is-layout-flex wp-container-core-columns-is-layout-9d6595d7 wp-block-columns-is-layout-flex\">\n<div class=\"wp-block-column is-layout-flow wp-block-column-is-layout-flow\" style=\"flex-basis:66.66%\">\n<p><strong>Necessidades de grandes reuni\u00f5es<\/strong><br>Equipado com diferentes utens\u00edlios de mesa, incluindo facas, garfos, colheres, etc., para satisfazer as necessidades de reuni\u00f5es familiares, anivers\u00e1rios, casamentos e banquetes festivos.<\/p>\n\n\n\n<p><strong>Embalagem requintada em caixa de oferta<\/strong><br>Com a embalagem em caixa de oferta, pode personalizar o padr\u00e3o de cores do log\u00f3tipo para criar produtos de marca.<\/p>\n\n\n\n<p><strong>Conjunto de talheres elegante e confort\u00e1vel<br><\/strong>Superf\u00edcie polida e brilhante, talheres modernos e simples, pegas de design ergon\u00f3mico e<strong> <\/strong>pega confort\u00e1vel, melhora a experi\u00eancia gastron\u00f3mica.<\/p>\n<\/div>\n\n\n\n<div class=\"wp-block-column is-layout-flow wp-block-column-is-layout-flow\" style=\"flex-basis:33.33%\">\n<figure class=\"wp-block-image size-full\"><img decoding=\"async\" width=\"1200\" height=\"1200\" src=\"https:\/\/www.mcallenflatware.com\/wp-content\/uploads\/2024\/11\/Bulk-48-Piece-Cutlery-Set-1.webp\" alt=\"Conjunto de talheres de 48 pe\u00e7as a granel 1\" class=\"wp-image-961\" srcset=\"https:\/\/www.mcallenflatware.com\/wp-content\/uploads\/2024\/11\/Bulk-48-Piece-Cutlery-Set-1.webp 1200w, https:\/\/www.mcallenflatware.com\/wp-content\/uploads\/2024\/11\/Bulk-48-Piece-Cutlery-Set-1-150x150.webp 150w, https:\/\/www.mcallenflatware.com\/wp-content\/uploads\/2024\/11\/Bulk-48-Piece-Cutlery-Set-1-768x768.webp 768w, https:\/\/www.mcallenflatware.com\/wp-content\/uploads\/2024\/11\/Bulk-48-Piece-Cutlery-Set-1-600x600.webp 600w, https:\/\/www.mcallenflatware.com\/wp-content\/uploads\/2024\/11\/Bulk-48-Piece-Cutlery-Set-1-300x300.webp 300w, https:\/\/www.mcallenflatware.com\/wp-content\/uploads\/2024\/11\/Bulk-48-Piece-Cutlery-Set-1-100x100.webp 100w\" sizes=\"(max-width: 1200px) 100vw, 1200px\" \/><\/figure>\n<\/div>\n<\/div>","protected":false},"excerpt":{"rendered":"<p>Conjunto de talheres de 48 pe\u00e7as por atacado, log\u00f3tipo, cor e tamanho personaliz\u00e1veis. O conjunto de talheres \u00e9 feito de a\u00e7o inoxid\u00e1vel, luxuoso e dur\u00e1vel, com embalagem em caixa de presente, adequado para festas, presentes de casamento, etc. O melhor desconto para grandes quantidades, bem-vindo a perguntar a qualquer altura!<\/p>\n<h2>Atributos do conjunto de talheres de 48 pe\u00e7as\u00a0<\/h2>\n<p><strong>Nome da marca:<\/strong> Mcallen<br \/><strong>Material:<\/strong> A\u00e7o inoxid\u00e1vel<br \/><strong>Cor:<\/strong> Prata\/dourado<br \/><strong>Polimento:<\/strong> Espelho polido<br \/><strong>Conce\u00e7\u00e3o:<\/strong> Morden, 48 pe\u00e7as com caixa colorida<br \/><strong>Prazo de entrega da amostra:<\/strong> No prazo de 3 dias<br \/><strong>OEM\/ODM:<\/strong> Dispon\u00edvel<\/p>\n<h2>Talheres de a\u00e7o inoxid\u00e1vel personalizados:<\/h2>\n<p><strong>A\u00e7o inoxid\u00e1vel:<\/strong> A\u00e7o inoxid\u00e1vel 18\/10, 304, 316, 410, 430, 420<br \/><strong>Log\u00f3tipo:<\/strong> Grava\u00e7\u00e3o a laser, impress\u00e3o serigr\u00e1fica, impress\u00e3o UV, impress\u00e3o por transfer\u00eancia t\u00e9rmica, grava\u00e7\u00e3o em relevo, etc.<br \/><strong>Embalagem:<\/strong> 4\/8\/12\/16\/20\/24\/45\/48\/72pcs set<br \/><strong>Acabamentos de superf\u00edcie:<\/strong> Polido com espelho, mate, polido com \u00e1gua, revestimento de tit\u00e2nio<br \/><strong>Embalagem:<\/strong> A granel, saco opp, caixa de cor, caixa de oferta, personalizado<\/p>","protected":false},"featured_media":962,"template":"","meta":[],"product_brand":[],"product_cat":[23,30],"product_tag":[],"class_list":{"0":"post-958","1":"product","2":"type-product","3":"status-publish","4":"has-post-thumbnail","6":"product_cat-wholesale-flatware","7":"product_cat-custom-cutlery-gift-set","9":"first","10":"instock","11":"shipping-taxable","12":"product-type-simple"},"_links":{"self":[{"href":"https:\/\/www.mcallenflatware.com\/pt\/wp-json\/wp\/v2\/product\/958","targetHints":{"allow":["GET"]}}],"collection":[{"href":"https:\/\/www.mcallenflatware.com\/pt\/wp-json\/wp\/v2\/product"}],"about":[{"href":"https:\/\/www.mcallenflatware.com\/pt\/wp-json\/wp\/v2\/types\/product"}],"wp:featuredmedia":[{"embeddable":true,"href":"https:\/\/www.mcallenflatware.com\/pt\/wp-json\/wp\/v2\/media\/962"}],"wp:attachment":[{"href":"https:\/\/www.mcallenflatware.com\/pt\/wp-json\/wp\/v2\/media?parent=958"}],"wp:term":[{"taxonomy":"product_brand","embeddable":true,"href":"https:\/\/www.mcallenflatware.com\/pt\/wp-json\/wp\/v2\/product_brand?post=958"},{"taxonomy":"product_cat","embeddable":true,"href":"https:\/\/www.mcallenflatware.com\/pt\/wp-json\/wp\/v2\/product_cat?post=958"},{"taxonomy":"product_tag","embeddable":true,"href":"https:\/\/www.mcallenflatware.com\/pt\/wp-json\/wp\/v2\/product_tag?post=958"}],"curies":[{"name":"wp","href":"https:\/\/api.w.org\/{rel}","templated":true}]}}