{"id":960,"date":"2024-11-12T11:15:54","date_gmt":"2024-11-12T11:15:54","guid":{"rendered":"https:\/\/www.mcallenflatware.com\/?post_type=product&#038;p=960"},"modified":"2024-11-12T11:22:07","modified_gmt":"2024-11-12T11:22:07","slug":"wholesale-sauce-cups","status":"publish","type":"product","link":"https:\/\/www.mcallenflatware.com\/pt\/product\/wholesale-sauce-cups\/","title":{"rendered":"Copos de molho por atacado 1.5oz 2.5oz 4oz Copos de condimento de a\u00e7o inoxid\u00e1vel"},"content":{"rendered":"<h2 class=\"wp-block-heading\">Copos para molhos Carater\u00edsticas:<\/h2>\n\n\n\n<div class=\"wp-block-columns is-layout-flex wp-container-core-columns-is-layout-9d6595d7 wp-block-columns-is-layout-flex\">\n<div class=\"wp-block-column is-layout-flow wp-block-column-is-layout-flow\" style=\"flex-basis:66.66%\">\n<p><strong>M\u00faltiplas op\u00e7\u00f5es de volume<\/strong><br>Os tamanhos de 1,5 on\u00e7as, 2,5 on\u00e7as e 4 on\u00e7as satisfazem diferentes necessidades de por\u00e7\u00f5es para molhos, molhos e acompanhamentos.<\/p>\n\n\n\n<p><strong>Material de alta qualidade<\/strong><br>Fabricado em a\u00e7o inoxid\u00e1vel de qualidade alimentar para uma excelente resist\u00eancia \u00e0 corros\u00e3o e durabilidade.<\/p>\n\n\n\n<p><strong>Armazenamento empilh\u00e1vel<\/strong><br>Os copos foram concebidos para facilitar o empilhamento e a arruma\u00e7\u00e3o com economia de espa\u00e7o para cozinhas dom\u00e9sticas e comerciais.<\/p>\n\n\n\n<p><strong>F\u00e1cil de limpar e manter<\/strong><br>Superf\u00edcie lisa, n\u00e3o \u00e9 f\u00e1cil deixar res\u00edduos de alimentos, pode ser lavada diretamente com \u00e1gua ou colocada na m\u00e1quina de lavar lou\u00e7a.<\/p>\n\n\n\n<p><strong>Versatilidade<\/strong><br>Pode ser utilizado para condimentos, molhos de imers\u00e3o, molhos para salada, molhos de acompanhamento e muitas outras utiliza\u00e7\u00f5es.<\/p>\n<\/div>\n\n\n\n<div class=\"wp-block-column is-layout-flow wp-block-column-is-layout-flow\" style=\"flex-basis:33.33%\">\n<figure class=\"wp-block-image size-full\"><img decoding=\"async\" width=\"679\" height=\"641\" src=\"https:\/\/www.mcallenflatware.com\/wp-content\/uploads\/2024\/11\/Wholesale-Sauce-Cups-2.webp\" alt=\"Venda por grosso de ch\u00e1venas de molho (2)\" class=\"wp-image-967\" srcset=\"https:\/\/www.mcallenflatware.com\/wp-content\/uploads\/2024\/11\/Wholesale-Sauce-Cups-2.webp 679w, https:\/\/www.mcallenflatware.com\/wp-content\/uploads\/2024\/11\/Wholesale-Sauce-Cups-2-600x566.webp 600w\" sizes=\"(max-width: 679px) 100vw, 679px\" \/><\/figure>\n<\/div>\n<\/div>\n\n\n\n<p><\/p>","protected":false},"excerpt":{"rendered":"<p>Estes copos de molho por atacado v\u00eam em tr\u00eas capacidades diferentes: copos de condimento de a\u00e7o inoxid\u00e1vel de 1,5 oz, 2,5 oz e 4 oz para uma variedade de molhos e molhos. Quer seja para uso dom\u00e9stico ou para servi\u00e7o alimentar comercial, estes copos de condimentos de alta qualidade s\u00e3o ideais. Os pedidos de informa\u00e7\u00e3o s\u00e3o bem-vindos.<\/p>\n<h2>Atributos dos copos de molho<\/h2>\n<p><strong>Nome da marca:<\/strong> Mcallen<br \/><strong>Material:<\/strong> A\u00e7o inoxid\u00e1vel<br \/><strong>Tamanho:<\/strong>1,5 on\u00e7as, 2,5 on\u00e7as, 4,0 on\u00e7as<br \/><strong>Prazo de entrega da amostra:<\/strong> No prazo de 3 dias<br \/><strong>OEM\/ODM:<\/strong> Dispon\u00edvel<\/p>\n<h2>Copos de molho personalizados:<\/h2>\n<p><strong>A\u00e7o inoxid\u00e1vel:<\/strong> A\u00e7o inoxid\u00e1vel 18\/10, 304, 316, 410, 430, 420<br \/><strong>Log\u00f3tipo:<\/strong> Grava\u00e7\u00e3o a laser, impress\u00e3o serigr\u00e1fica, impress\u00e3o UV, impress\u00e3o por transfer\u00eancia t\u00e9rmica, grava\u00e7\u00e3o em relevo, etc.<br \/><strong>Acabamentos de superf\u00edcie:<\/strong> Polido com espelho, mate, polido com \u00e1gua, revestimento de tit\u00e2nio<br \/><strong>Embalagem:<\/strong> A granel, saco opp, caixa de cor, caixa de oferta, personalizado<\/p>","protected":false},"featured_media":966,"template":"","meta":[],"product_brand":[],"product_cat":[24,31],"product_tag":[],"class_list":{"0":"post-960","1":"product","2":"type-product","3":"status-publish","4":"has-post-thumbnail","6":"product_cat-wholesale-kitchen-utensils","7":"product_cat-wholesale-serving-utensils","9":"first","10":"instock","11":"shipping-taxable","12":"product-type-simple"},"_links":{"self":[{"href":"https:\/\/www.mcallenflatware.com\/pt\/wp-json\/wp\/v2\/product\/960","targetHints":{"allow":["GET"]}}],"collection":[{"href":"https:\/\/www.mcallenflatware.com\/pt\/wp-json\/wp\/v2\/product"}],"about":[{"href":"https:\/\/www.mcallenflatware.com\/pt\/wp-json\/wp\/v2\/types\/product"}],"wp:featuredmedia":[{"embeddable":true,"href":"https:\/\/www.mcallenflatware.com\/pt\/wp-json\/wp\/v2\/media\/966"}],"wp:attachment":[{"href":"https:\/\/www.mcallenflatware.com\/pt\/wp-json\/wp\/v2\/media?parent=960"}],"wp:term":[{"taxonomy":"product_brand","embeddable":true,"href":"https:\/\/www.mcallenflatware.com\/pt\/wp-json\/wp\/v2\/product_brand?post=960"},{"taxonomy":"product_cat","embeddable":true,"href":"https:\/\/www.mcallenflatware.com\/pt\/wp-json\/wp\/v2\/product_cat?post=960"},{"taxonomy":"product_tag","embeddable":true,"href":"https:\/\/www.mcallenflatware.com\/pt\/wp-json\/wp\/v2\/product_tag?post=960"}],"curies":[{"name":"wp","href":"https:\/\/api.w.org\/{rel}","templated":true}]}}