{"id":965,"date":"2024-11-12T01:45:41","date_gmt":"2024-11-12T01:45:41","guid":{"rendered":"https:\/\/www.mcallenflatware.com\/?post_type=product&#038;p=965"},"modified":"2024-11-13T12:51:37","modified_gmt":"2024-11-13T12:51:37","slug":"custom-travel-cutlery-set","status":"publish","type":"product","link":"https:\/\/www.mcallenflatware.com\/pt\/product\/custom-travel-cutlery-set\/","title":{"rendered":"Conjunto de talheres de viagem personalizado Colher e garfo de a\u00e7o inoxid\u00e1vel port\u00e1til com caixa"},"content":{"rendered":"<h2 class=\"wp-block-heading\"> Conjunto de talheres de viagem Carater\u00edsticas:<\/h2>\n\n\n\n<div class=\"wp-block-columns is-layout-flex wp-container-core-columns-is-layout-9d6595d7 wp-block-columns-is-layout-flex\">\n<div class=\"wp-block-column is-layout-flow wp-block-column-is-layout-flow\" style=\"flex-basis:66.66%\">\n<p><strong>Design port\u00e1til<br><\/strong>Equipado com um garfo, uma colher, pauzinhos e uma caixa de pl\u00e1stico em a\u00e7o inoxid\u00e1vel, \u00e9 pr\u00e1tico e leve, adequado para viagens, campismo, escrit\u00f3rio e refei\u00e7\u00f5es.<\/p>\n\n\n\n<p><strong>Material ecol\u00f3gico em a\u00e7o inoxid\u00e1vel<\/strong><br>A\u00e7o inoxid\u00e1vel de qualidade alimentar, o material \u00e9 seguro, resistente ao desgaste e f\u00e1cil de limpar<\/p>\n\n\n\n<p><strong>Aspeto elegante<\/strong><br>Design moderno e minimalista, dispon\u00edvel numa variedade de cores populares como o ouro, a prata, o ouro rosa e o branco, que s\u00e3o simultaneamente bonitas e pr\u00e1ticas.<\/p>\n\n\n\n<p><strong>Personaliza\u00e7\u00e3o personalizada<\/strong><br>Fornecer servi\u00e7o OEM&amp;ODM, personalizar log\u00f3tipo, embalagem, cor e criar conjuntos de talheres especiais.<\/p>\n<\/div>\n\n\n\n<div class=\"wp-block-column is-layout-flow wp-block-column-is-layout-flow\" style=\"flex-basis:33.33%\">\n<figure class=\"wp-block-image size-full\"><img decoding=\"async\" width=\"800\" height=\"800\" src=\"https:\/\/www.mcallenflatware.com\/wp-content\/uploads\/2024\/11\/Custom-Travel-Cutlery-Set-3.webp\" alt=\"Conjunto de talheres de viagem personalizados 3\" class=\"wp-image-973\" srcset=\"https:\/\/www.mcallenflatware.com\/wp-content\/uploads\/2024\/11\/Custom-Travel-Cutlery-Set-3.webp 800w, https:\/\/www.mcallenflatware.com\/wp-content\/uploads\/2024\/11\/Custom-Travel-Cutlery-Set-3-150x150.webp 150w, https:\/\/www.mcallenflatware.com\/wp-content\/uploads\/2024\/11\/Custom-Travel-Cutlery-Set-3-768x768.webp 768w, https:\/\/www.mcallenflatware.com\/wp-content\/uploads\/2024\/11\/Custom-Travel-Cutlery-Set-3-600x600.webp 600w, https:\/\/www.mcallenflatware.com\/wp-content\/uploads\/2024\/11\/Custom-Travel-Cutlery-Set-3-300x300.webp 300w, https:\/\/www.mcallenflatware.com\/wp-content\/uploads\/2024\/11\/Custom-Travel-Cutlery-Set-3-100x100.webp 100w\" sizes=\"(max-width: 800px) 100vw, 800px\" \/><\/figure>\n<\/div>\n<\/div>","protected":false},"excerpt":{"rendered":"<p>Conjunto de talheres de viagem personalizado, composto por um garfo, uma colher e pauzinhos em a\u00e7o inoxid\u00e1vel de alta qualidade, adequado para campismo, escrit\u00f3rio e refei\u00e7\u00f5es. V\u00e1rias op\u00e7\u00f5es de cores, log\u00f3tipo personaliz\u00e1vel, embalagem, cor. Venda direta da f\u00e1brica, pre\u00e7o por grosso dispon\u00edvel. Bem-vindo ao inqu\u00e9rito!<\/p>\n<h2>Conjunto de talheres de viagem Atributos<\/h2>\n<p><strong>Nome da marca:<\/strong> Mcallen<br \/><strong>Material:<\/strong> A\u00e7o inoxid\u00e1vel<br \/><strong>Cor:<\/strong> Prata\/dourado\/rosa\/preto<br \/><strong>Polimento:<\/strong> Espelho polido<br \/><strong>Conce\u00e7\u00e3o:<\/strong>\u00a0 Uma colher, um garfo e uns pauzinhos numa caixa de pl\u00e1stico<br \/><strong>Prazo de entrega da amostra:<\/strong> No prazo de 3 dias<br \/><strong>OEM\/ODM:<\/strong> Dispon\u00edvel<\/p>\n<h2>Conjunto de talheres de viagem personalizado:<\/h2>\n<p><strong>A\u00e7o inoxid\u00e1vel:<\/strong> A\u00e7o inoxid\u00e1vel 18\/10, 304, 316, 410, 430, 420<br \/><strong>Log\u00f3tipo:<\/strong> Grava\u00e7\u00e3o a laser, impress\u00e3o serigr\u00e1fica, impress\u00e3o UV, impress\u00e3o por transfer\u00eancia t\u00e9rmica, grava\u00e7\u00e3o em relevo, etc.<br \/><strong>Embalagem:<\/strong> 4\/8\/12\/16\/20\/24\/45\/48\/72pcs set<br \/><strong>Acabamentos de superf\u00edcie:<\/strong> Polido com espelho, mate, polido com \u00e1gua, revestimento de tit\u00e2nio<br \/><strong>Embalagem:<\/strong> A granel, saco opp, caixa de cor, caixa de oferta, personalizado<\/p>","protected":false},"featured_media":971,"template":"","meta":[],"product_brand":[],"product_cat":[23,27],"product_tag":[],"class_list":{"0":"post-965","1":"product","2":"type-product","3":"status-publish","4":"has-post-thumbnail","6":"product_cat-wholesale-flatware","7":"product_cat-custom-portable-cutlery-set","9":"first","10":"instock","11":"shipping-taxable","12":"product-type-simple"},"_links":{"self":[{"href":"https:\/\/www.mcallenflatware.com\/pt\/wp-json\/wp\/v2\/product\/965","targetHints":{"allow":["GET"]}}],"collection":[{"href":"https:\/\/www.mcallenflatware.com\/pt\/wp-json\/wp\/v2\/product"}],"about":[{"href":"https:\/\/www.mcallenflatware.com\/pt\/wp-json\/wp\/v2\/types\/product"}],"wp:featuredmedia":[{"embeddable":true,"href":"https:\/\/www.mcallenflatware.com\/pt\/wp-json\/wp\/v2\/media\/971"}],"wp:attachment":[{"href":"https:\/\/www.mcallenflatware.com\/pt\/wp-json\/wp\/v2\/media?parent=965"}],"wp:term":[{"taxonomy":"product_brand","embeddable":true,"href":"https:\/\/www.mcallenflatware.com\/pt\/wp-json\/wp\/v2\/product_brand?post=965"},{"taxonomy":"product_cat","embeddable":true,"href":"https:\/\/www.mcallenflatware.com\/pt\/wp-json\/wp\/v2\/product_cat?post=965"},{"taxonomy":"product_tag","embeddable":true,"href":"https:\/\/www.mcallenflatware.com\/pt\/wp-json\/wp\/v2\/product_tag?post=965"}],"curies":[{"name":"wp","href":"https:\/\/api.w.org\/{rel}","templated":true}]}}