{"id":970,"date":"2024-11-12T12:20:33","date_gmt":"2024-11-12T12:20:33","guid":{"rendered":"https:\/\/www.mcallenflatware.com\/?post_type=product&#038;p=970"},"modified":"2024-11-12T12:20:34","modified_gmt":"2024-11-12T12:20:34","slug":"custom-bar-spoon","status":"publish","type":"product","link":"https:\/\/www.mcallenflatware.com\/pt\/product\/custom-bar-spoon\/","title":{"rendered":"Colher de bar personalizada Colheres de cocktail em a\u00e7o inoxid\u00e1vel"},"content":{"rendered":"<h2 class=\"wp-block-heading\">Colher de bar Carater\u00edsticas:<\/h2>\n\n\n\n<div class=\"wp-block-columns is-layout-flex wp-container-core-columns-is-layout-9d6595d7 wp-block-columns-is-layout-flex\">\n<div class=\"wp-block-column is-layout-flow wp-block-column-is-layout-flow\" style=\"flex-basis:66.66%\">\n<p><strong>V\u00e1rios comprimentos<\/strong><br>30 cm, 40 cm e 50 cm, adequados para diferentes tamanhos de copos e jarros para satisfazer as necessidades diversificadas dos empregados de bar.<\/p>\n\n\n\n<p><strong>Material de a\u00e7o inoxid\u00e1vel de alta qualidade<\/strong><br>Resistente \u00e0 corros\u00e3o e \u00e0 ferrugem, dur\u00e1vel, f\u00e1cil de limpar e sem odor residual.<\/p>\n\n\n\n<p><strong>Pega cl\u00e1ssica em espiral<\/strong><br>Design em espiral, a rela\u00e7\u00e3o de espessura correta para facilitar uma mistura r\u00e1pida e est\u00e1vel e, ao mesmo tempo, uma pega confort\u00e1vel, que n\u00e3o \u00e9 f\u00e1cil de escorregar.<\/p>\n\n\n\n<p><strong>Aspeto requintado<\/strong><br>A superf\u00edcie polida e o brilho met\u00e1lico real\u00e7am o sentido profissional do servi\u00e7o de bar e a est\u00e9tica.<\/p>\n\n\n\n<p><strong>Aplica\u00e7\u00f5es multifuncionais<br><\/strong>Estas colheres de bar podem ser utilizadas para mexer, quebrar o gelo e desviar outras bebidas, para al\u00e9m de misturar cocktails.<\/p>\n\n\n\n<p><strong>F\u00e1cil de limpar<\/strong><br>Superf\u00edcie lisa, pode ser lavada diretamente com \u00e1gua ou na m\u00e1quina de lavar lou\u00e7a.<\/p>\n<\/div>\n\n\n\n<div class=\"wp-block-column is-layout-flow wp-block-column-is-layout-flow\" style=\"flex-basis:33.33%\">\n<figure class=\"wp-block-image size-full\"><img decoding=\"async\" width=\"750\" height=\"824\" src=\"https:\/\/www.mcallenflatware.com\/wp-content\/uploads\/2024\/11\/Custom-Bar-Spoons-5.webp\" alt=\"Colheres de bar personalizadas (5)\" class=\"wp-image-983\" srcset=\"https:\/\/www.mcallenflatware.com\/wp-content\/uploads\/2024\/11\/Custom-Bar-Spoons-5.webp 750w, https:\/\/www.mcallenflatware.com\/wp-content\/uploads\/2024\/11\/Custom-Bar-Spoons-5-600x659.webp 600w\" sizes=\"(max-width: 750px) 100vw, 750px\" \/><\/figure>\n<\/div>\n<\/div>","protected":false},"excerpt":{"rendered":"<p>Com uma variedade de op\u00e7\u00f5es de comprimento, esta colher de bar personalizada foi concebida para a prepara\u00e7\u00e3o de cocktails. A colher misturadora \u00e9 feita de a\u00e7o inoxid\u00e1vel de alta qualidade e o design cl\u00e1ssico da pega em espiral facilita a mistura r\u00e1pida e garante que as bebidas ficam bem misturadas. Ideal para bares, restaurantes e uso dom\u00e9stico.<\/p>\n<h2>Atributos da colher de bar<\/h2>\n<p><strong>Nome da marca:<\/strong> Mcallen<br \/><strong>Material:<\/strong> A\u00e7o inoxid\u00e1vel<br \/><strong>Cor:<\/strong> Prata, Ouro, Revestimento preto, Cobre<br \/><strong>Comprimento:<\/strong> 30cm, 40cm, 50cm<br \/><strong>Polimento:<\/strong> Espelho polido<br \/><strong>Prazo de entrega da amostra:<\/strong> No prazo de 3 dias<br \/><strong>OEM\/ODM:<\/strong> Dispon\u00edvel<\/p>\n<h2>Colheres de bar personalizadas:<\/h2>\n<p><strong>A\u00e7o inoxid\u00e1vel:<\/strong> A\u00e7o inoxid\u00e1vel 18\/10, 304, 316, 410, 430, 420<br \/><strong>Log\u00f3tipo:<\/strong> Grava\u00e7\u00e3o a laser, impress\u00e3o serigr\u00e1fica, impress\u00e3o UV, impress\u00e3o por transfer\u00eancia t\u00e9rmica, grava\u00e7\u00e3o em relevo, etc.<br \/><strong>Acabamentos de superf\u00edcie:<\/strong> Espelho polido, mate.<br \/><strong>Embalagem:<\/strong> A granel, saco opp, caixa de cor, caixa de oferta, personalizado<\/p>","protected":false},"featured_media":1015,"template":"","meta":[],"product_brand":[],"product_cat":[26,34],"product_tag":[],"class_list":{"0":"post-970","1":"product","2":"type-product","3":"status-publish","4":"has-post-thumbnail","6":"product_cat-wholesale-bar-supplies-tools","7":"product_cat-custom-bar-spoon","9":"first","10":"instock","11":"shipping-taxable","12":"product-type-simple"},"_links":{"self":[{"href":"https:\/\/www.mcallenflatware.com\/pt\/wp-json\/wp\/v2\/product\/970","targetHints":{"allow":["GET"]}}],"collection":[{"href":"https:\/\/www.mcallenflatware.com\/pt\/wp-json\/wp\/v2\/product"}],"about":[{"href":"https:\/\/www.mcallenflatware.com\/pt\/wp-json\/wp\/v2\/types\/product"}],"wp:featuredmedia":[{"embeddable":true,"href":"https:\/\/www.mcallenflatware.com\/pt\/wp-json\/wp\/v2\/media\/1015"}],"wp:attachment":[{"href":"https:\/\/www.mcallenflatware.com\/pt\/wp-json\/wp\/v2\/media?parent=970"}],"wp:term":[{"taxonomy":"product_brand","embeddable":true,"href":"https:\/\/www.mcallenflatware.com\/pt\/wp-json\/wp\/v2\/product_brand?post=970"},{"taxonomy":"product_cat","embeddable":true,"href":"https:\/\/www.mcallenflatware.com\/pt\/wp-json\/wp\/v2\/product_cat?post=970"},{"taxonomy":"product_tag","embeddable":true,"href":"https:\/\/www.mcallenflatware.com\/pt\/wp-json\/wp\/v2\/product_tag?post=970"}],"curies":[{"name":"wp","href":"https:\/\/api.w.org\/{rel}","templated":true}]}}