{"id":993,"date":"2024-11-12T13:10:15","date_gmt":"2024-11-12T13:10:15","guid":{"rendered":"https:\/\/www.mcallenflatware.com\/?post_type=product&#038;p=993"},"modified":"2024-11-12T13:10:17","modified_gmt":"2024-11-12T13:10:17","slug":"custom-moscow-mule-cups","status":"publish","type":"product","link":"https:\/\/www.mcallenflatware.com\/pt\/product\/custom-moscow-mule-cups\/","title":{"rendered":"Copos para Moscow Mule personalizados Copos de cobre martelado em a\u00e7o inoxid\u00e1vel"},"content":{"rendered":"<h2 class=\"wp-block-heading\">Copos Moscow Mule Carater\u00edsticas:<\/h2>\n\n\n\n<div class=\"wp-block-columns is-layout-flex wp-container-core-columns-is-layout-9d6595d7 wp-block-columns-is-layout-flex\">\n<div class=\"wp-block-column is-layout-flow wp-block-column-is-layout-flow\" style=\"flex-basis:66.66%\">\n<p><strong>Seguro e saud\u00e1vel<\/strong><br>As modernas canecas Moscow mule s\u00e3o, na sua maioria, concebidas com um interior em a\u00e7o inoxid\u00e1vel e revestimento de cobre no exterior, o que mant\u00e9m o aspeto cl\u00e1ssico das canecas de cobre e evita riscos para a sa\u00fade.<\/p>\n\n\n\n<p><strong>Boa conserva\u00e7\u00e3o do calor<\/strong><br>O pr\u00f3prio material de cobre conduz bem o calor e, com o tratamento especial da superf\u00edcie martelada, ajuda a manter melhor a bebida a uma temperatura baixa, para que cada gole possa ser apreciado com um sabor fresco.<\/p>\n\n\n\n<p><strong>Grande durabilidade<\/strong><br>O a\u00e7o inoxid\u00e1vel \u00e9 muito forte e dur\u00e1vel, n\u00e3o \u00e9 f\u00e1cil de enferrujar ou danificar, garantindo uma vida longa para o copo.<\/p>\n\n\n\n<p><strong>F\u00e1cil de limpar<\/strong><br>Em compara\u00e7\u00e3o com o cobre puro, o interior em a\u00e7o inoxid\u00e1vel \u00e9 mais f\u00e1cil de limpar e tem menos probabilidades de deixar manchas ou n\u00f3doas de \u00e1gua, mantendo a ch\u00e1vena brilhante e nova.<\/p>\n\n\n\n<p><strong>Polivalente<\/strong><br>N\u00e3o s\u00f3 adequado para cocktails Moscow Mule, mas tamb\u00e9m muito adequado para outros tipos de bebidas frias, como ch\u00e1 gelado, sumos de fruta, etc.<\/p>\n\n\n\n<p><strong>Design da pega<\/strong><br>Pega soldada estabilizada para maior conforto de ader\u00eancia e bom isolamento<\/p>\n<\/div>\n\n\n\n<div class=\"wp-block-column is-layout-flow wp-block-column-is-layout-flow\" style=\"flex-basis:33.33%\">\n<figure class=\"wp-block-image size-full\"><img decoding=\"async\" width=\"800\" height=\"800\" src=\"https:\/\/www.mcallenflatware.com\/wp-content\/uploads\/2024\/11\/Wholesale-Moscow-Mule-Cups.webp\" alt=\"Atacado-Moscow-Mule-Cups\" class=\"wp-image-998\" srcset=\"https:\/\/www.mcallenflatware.com\/wp-content\/uploads\/2024\/11\/Wholesale-Moscow-Mule-Cups.webp 800w, https:\/\/www.mcallenflatware.com\/wp-content\/uploads\/2024\/11\/Wholesale-Moscow-Mule-Cups-150x150.webp 150w, https:\/\/www.mcallenflatware.com\/wp-content\/uploads\/2024\/11\/Wholesale-Moscow-Mule-Cups-768x768.webp 768w, https:\/\/www.mcallenflatware.com\/wp-content\/uploads\/2024\/11\/Wholesale-Moscow-Mule-Cups-600x600.webp 600w, https:\/\/www.mcallenflatware.com\/wp-content\/uploads\/2024\/11\/Wholesale-Moscow-Mule-Cups-300x300.webp 300w, https:\/\/www.mcallenflatware.com\/wp-content\/uploads\/2024\/11\/Wholesale-Moscow-Mule-Cups-100x100.webp 100w\" sizes=\"(max-width: 800px) 100vw, 800px\" \/><\/figure>\n<\/div>\n<\/div>","protected":false},"excerpt":{"rendered":"<p>Estes copos Moscow Mule de qualidade superior s\u00e3o fabricados em a\u00e7o inoxid\u00e1vel de alta qualidade com um acabamento em cobre martelado, oferecendo um aspeto elegante com uma excelente reten\u00e7\u00e3o de calor, tanto para os tradicionais cocktails Moscow Mule como para outras bebidas frias ou cocktails servidos. Ideal para compras a granel.<\/p>\n<h2>Atributos dos copos Moscow Mule<\/h2>\n<p><strong>Nome da marca:<\/strong> Mcallen<br \/><strong>Material:<\/strong> A\u00e7o inoxid\u00e1vel<br \/><strong>Cor:<\/strong> Cobre<br \/><strong>Polimento:<\/strong> Espelho polido<br \/><strong>Conce\u00e7\u00e3o:<\/strong>\u00a0 Martelado<br \/><strong>Prazo de entrega da amostra:<\/strong> No prazo de 3 dias<br \/><strong>OEM\/ODM:<\/strong> Dispon\u00edvel<\/p>\n<h2>Copos para Moscow Mule personalizados:<\/h2>\n<p><strong>A\u00e7o inoxid\u00e1vel:<\/strong>\u00a0A\u00e7o inoxid\u00e1vel 18\/10, 304, 316, 410, 430, 420<br \/><strong>Log\u00f3tipo:<\/strong>\u00a0Grava\u00e7\u00e3o a laser, impress\u00e3o serigr\u00e1fica, impress\u00e3o UV, impress\u00e3o por transfer\u00eancia t\u00e9rmica, grava\u00e7\u00e3o em relevo, etc.<br \/><strong>Acabamentos de superf\u00edcie:<\/strong>\u00a0Polido com espelho, mate, polido com \u00e1gua, revestimento de tit\u00e2nio<br \/><strong>Embalagem:<\/strong>\u00a0A granel, saco opp, caixa de cor, caixa de oferta, personalizado<\/p>","protected":false},"featured_media":998,"template":"","meta":[],"product_brand":[],"product_cat":[26,35],"product_tag":[],"class_list":{"0":"post-993","1":"product","2":"type-product","3":"status-publish","4":"has-post-thumbnail","6":"product_cat-wholesale-bar-supplies-tools","7":"product_cat-custom-stainless-steel-cups","9":"first","10":"instock","11":"shipping-taxable","12":"product-type-simple"},"_links":{"self":[{"href":"https:\/\/www.mcallenflatware.com\/pt\/wp-json\/wp\/v2\/product\/993","targetHints":{"allow":["GET"]}}],"collection":[{"href":"https:\/\/www.mcallenflatware.com\/pt\/wp-json\/wp\/v2\/product"}],"about":[{"href":"https:\/\/www.mcallenflatware.com\/pt\/wp-json\/wp\/v2\/types\/product"}],"wp:featuredmedia":[{"embeddable":true,"href":"https:\/\/www.mcallenflatware.com\/pt\/wp-json\/wp\/v2\/media\/998"}],"wp:attachment":[{"href":"https:\/\/www.mcallenflatware.com\/pt\/wp-json\/wp\/v2\/media?parent=993"}],"wp:term":[{"taxonomy":"product_brand","embeddable":true,"href":"https:\/\/www.mcallenflatware.com\/pt\/wp-json\/wp\/v2\/product_brand?post=993"},{"taxonomy":"product_cat","embeddable":true,"href":"https:\/\/www.mcallenflatware.com\/pt\/wp-json\/wp\/v2\/product_cat?post=993"},{"taxonomy":"product_tag","embeddable":true,"href":"https:\/\/www.mcallenflatware.com\/pt\/wp-json\/wp\/v2\/product_tag?post=993"}],"curies":[{"name":"wp","href":"https:\/\/api.w.org\/{rel}","templated":true}]}}