{"id":994,"date":"2024-11-12T03:18:20","date_gmt":"2024-11-12T03:18:20","guid":{"rendered":"https:\/\/www.mcallenflatware.com\/?post_type=product&#038;p=994"},"modified":"2024-11-13T07:59:34","modified_gmt":"2024-11-13T07:59:34","slug":"custom-camping-flatware","status":"publish","type":"product","link":"https:\/\/www.mcallenflatware.com\/pt\/product\/custom-camping-flatware\/","title":{"rendered":"Talheres de campismo personalizados em a\u00e7o inoxid\u00e1vel 3 em 1 com saco"},"content":{"rendered":"<div class=\"wp-block-columns is-layout-flex wp-container-core-columns-is-layout-9d6595d7 wp-block-columns-is-layout-flex\">\n<div class=\"wp-block-column is-layout-flow wp-block-column-is-layout-flow\" style=\"flex-basis:66.66%\">\n<h2 class=\"wp-block-heading\">Talheres para campismo Carater\u00edsticas:<\/h2>\n\n\n\n<p><strong>Design pr\u00e1tico 3 em 1<\/strong><br>O design de tr\u00eas pe\u00e7as (faca, garfo e colher) \u00e9 fornecido com um saco de pano, que n\u00e3o \u00e9 f\u00e1cil de perder. Leve e pr\u00e1tico, adequado para campismo, viagens e utiliza\u00e7\u00e3o no escrit\u00f3rio<\/p>\n\n\n\n<p><strong>F\u00e1cil de limpar, a\u00e7o inoxid\u00e1vel resistente ao desgaste<\/strong><br>Fabricado em a\u00e7o inoxid\u00e1vel 304 de alta qualidade, com uma superf\u00edcie lisa e f\u00e1cil de limpar e um design minimalista e bonito.<\/p>\n\n\n\n<p><strong>Log\u00f3tipo personaliz\u00e1vel<\/strong><br>Pode personalizar o log\u00f3tipo no conjunto de talheres ou na embalagem, oferecendo v\u00e1rias op\u00e7\u00f5es de personaliza\u00e7\u00e3o para ajudar na promo\u00e7\u00e3o da marca<\/p>\n<\/div>\n\n\n\n<div class=\"wp-block-column is-layout-flow wp-block-column-is-layout-flow\" style=\"flex-basis:33.33%\"><div class=\"wp-block-image\">\n<figure class=\"aligncenter size-full\"><img decoding=\"async\" width=\"800\" height=\"800\" src=\"https:\/\/www.mcallenflatware.com\/wp-content\/uploads\/2024\/11\/Custom-Camping-Flatware-1.jpg\" alt=\"Faqueiro de campismo personalizado 1\" class=\"wp-image-996\" srcset=\"https:\/\/www.mcallenflatware.com\/wp-content\/uploads\/2024\/11\/Custom-Camping-Flatware-1.jpg 800w, https:\/\/www.mcallenflatware.com\/wp-content\/uploads\/2024\/11\/Custom-Camping-Flatware-1-150x150.jpg 150w, https:\/\/www.mcallenflatware.com\/wp-content\/uploads\/2024\/11\/Custom-Camping-Flatware-1-768x768.jpg 768w, https:\/\/www.mcallenflatware.com\/wp-content\/uploads\/2024\/11\/Custom-Camping-Flatware-1-600x600.jpg 600w, https:\/\/www.mcallenflatware.com\/wp-content\/uploads\/2024\/11\/Custom-Camping-Flatware-1-300x300.jpg 300w, https:\/\/www.mcallenflatware.com\/wp-content\/uploads\/2024\/11\/Custom-Camping-Flatware-1-100x100.jpg 100w\" sizes=\"(max-width: 800px) 100vw, 800px\" \/><\/figure>\n<\/div><\/div>\n<\/div>\n\n\n\n<p><\/p>","protected":false},"excerpt":{"rendered":"<p><span class=\"Editor_t__not_edited__WuRP8\">Os nossos talheres de campismo personalizados<\/span><span class=\"Editor_t__not_edited__WuRP8\">\u00a0\u00e9\u00a0<\/span><span class=\"Editor_t__added__LtuNJ\">fabricado<\/span><span class=\"Editor_t__not_edited__WuRP8\">\u00a0<\/span><span class=\"Editor_t__added__LtuNJ\">de<\/span><span class=\"Editor_t__not_edited__WuRP8\">\u00a0<\/span><span class=\"Editor_t__added__LtuNJ\">leve\u00a0<\/span><span class=\"Editor_t__not_edited__WuRP8\">a\u00e7o inoxid\u00e1vel de qualidade alimentar<\/span><span class=\"Editor_t__not_edited__WuRP8\">\u00a0<\/span><span class=\"Editor_t__not_edited__WuRP8\">e\u00a0<\/span><span class=\"Editor_t__not_edited_long__JuNNx\">\u00e9 fornecido com um saco OPP port\u00e1til para\u00a0<\/span><span class=\"Editor_t__added__LtuNJ\">de transporte<\/span><span class=\"Editor_t__not_edited__WuRP8\">\u00a0<\/span><span class=\"Editor_t__added__LtuNJ\">conveni\u00eancia<\/span><span class=\"Editor_t__not_edited__WuRP8\">. O\u00a0<\/span><span class=\"Editor_t__added__LtuNJ\">suave\u00a0<\/span><span class=\"Editor_t__not_edited__WuRP8\">superf\u00edcie \u00e9\u00a0<\/span><span class=\"Editor_t__added__LtuNJ\">facilmente<\/span><span class=\"Editor_t__not_edited__WuRP8\">\u00a0<\/span><span class=\"Editor_t__added__LtuNJ\">limpo<\/span><span class=\"Editor_t__not_edited_long__JuNNx\">. \u00c9\u00a0<\/span><span class=\"Editor_t__added__LtuNJ\">a<\/span><span class=\"Editor_t__not_edited__WuRP8\">\u00a0<\/span><span class=\"Editor_t__added__LtuNJ\">muito<\/span><span class=\"Editor_t__not_edited__WuRP8\">\u00a0<\/span><span class=\"Editor_t__added__LtuNJ\">bom\u00a0<\/span><span class=\"Editor_t__not_edited_long__JuNNx\">escolha para acampar em fam\u00edlia ou em equipa.<\/span> Bem-vindo ao inqu\u00e9rito!<\/p>\n<h2>Talheres de campismo Atributos<\/h2>\n<p><strong>Nome da marca:<\/strong> Mcallen<br \/><strong>Material:<\/strong> A\u00e7o inoxid\u00e1vel<br \/><strong>Cor:<\/strong> Prata<br \/><strong>Polimento:<\/strong> Espelho polido<br \/><strong>Conce\u00e7\u00e3o:<\/strong>\u00a0 3 em 1, com bolsa<br \/><strong>Prazo de entrega da amostra:<\/strong> No prazo de 3 dias<br \/><strong>OEM\/ODM:<\/strong> Dispon\u00edvel<\/p>\n<h2>Talheres personalizados para campismo:<\/h2>\n<p><strong>A\u00e7o inoxid\u00e1vel:<\/strong> A\u00e7o inoxid\u00e1vel 18\/10, 304, 316, 410, 430, 420<br \/><strong>Log\u00f3tipo:<\/strong> Grava\u00e7\u00e3o a laser, impress\u00e3o serigr\u00e1fica, impress\u00e3o UV, impress\u00e3o por transfer\u00eancia t\u00e9rmica, grava\u00e7\u00e3o em relevo, etc.<br \/><strong>Embalagem:<\/strong> 4\/8\/12\/16\/20\/24\/45\/48\/72pcs set<br \/><strong>Acabamentos de superf\u00edcie:<\/strong> Polido com espelho, mate, polido com \u00e1gua, revestimento de tit\u00e2nio<br \/><strong>Embalagem:<\/strong> A granel, saco opp, caixa de cor, caixa de oferta, personalizado<\/p>","protected":false},"featured_media":996,"template":"","meta":[],"product_brand":[],"product_cat":[23,27],"product_tag":[],"class_list":{"0":"post-994","1":"product","2":"type-product","3":"status-publish","4":"has-post-thumbnail","6":"product_cat-wholesale-flatware","7":"product_cat-custom-portable-cutlery-set","9":"first","10":"instock","11":"shipping-taxable","12":"product-type-simple"},"_links":{"self":[{"href":"https:\/\/www.mcallenflatware.com\/pt\/wp-json\/wp\/v2\/product\/994","targetHints":{"allow":["GET"]}}],"collection":[{"href":"https:\/\/www.mcallenflatware.com\/pt\/wp-json\/wp\/v2\/product"}],"about":[{"href":"https:\/\/www.mcallenflatware.com\/pt\/wp-json\/wp\/v2\/types\/product"}],"wp:featuredmedia":[{"embeddable":true,"href":"https:\/\/www.mcallenflatware.com\/pt\/wp-json\/wp\/v2\/media\/996"}],"wp:attachment":[{"href":"https:\/\/www.mcallenflatware.com\/pt\/wp-json\/wp\/v2\/media?parent=994"}],"wp:term":[{"taxonomy":"product_brand","embeddable":true,"href":"https:\/\/www.mcallenflatware.com\/pt\/wp-json\/wp\/v2\/product_brand?post=994"},{"taxonomy":"product_cat","embeddable":true,"href":"https:\/\/www.mcallenflatware.com\/pt\/wp-json\/wp\/v2\/product_cat?post=994"},{"taxonomy":"product_tag","embeddable":true,"href":"https:\/\/www.mcallenflatware.com\/pt\/wp-json\/wp\/v2\/product_tag?post=994"}],"curies":[{"name":"wp","href":"https:\/\/api.w.org\/{rel}","templated":true}]}}